{"id":40152,"date":"2025-08-23T15:07:11","date_gmt":"2025-08-23T15:07:11","guid":{"rendered":"https:\/\/canaca.com.tr\/urun\/pica-j\/"},"modified":"2026-01-29T21:55:43","modified_gmt":"2026-01-29T21:55:43","slug":"pica-j","status":"publish","type":"product","link":"https:\/\/canaca.com.tr\/de\/produkt\/pica-j\/","title":{"rendered":"piCA-j"},"content":{"rendered":"","protected":false},"excerpt":{"rendered":"<p>Der modulare Schraubstock hat feste Backen mit den Ma\u00dfen 200x50x28 mm und bewegliche Backen mit den Ma\u00dfen 200x115x18 mm; er ist mit 50-mm-Slot-Systemen kompatibel.<br \/>\nDank einer Spannkraft von mehr als 1,5 mm bietet er eine zuverl\u00e4ssige Spannung mit minimalem Materialverlust. Seine modulare Bauweise erm\u00f6glicht das Spannen von Werkst\u00fccken mit einem Abstand von weniger als 10 cm.<br \/>\nMit unabh\u00e4ngigen Pitbull-Haltern k\u00f6nnen mehrere Werkst\u00fccke gespannt werden. <\/p>\n<p>Inhalt des Sets:<br \/>\n\u25cf 3 M3-Pitbulls mit scharfen Kanten<br \/>\n\u25cf 2 M3-Pitbulls mit geraden Kanten<br \/>\n\u25cf 3 Talon Grips<br \/>\n\u25cf 2 Auflagebl\u00f6cke<br \/>\n\u25cf M6 T-Nut-Verbindungszubeh\u00f6r<\/p>\n","protected":false},"featured_media":38607,"template":"","meta":{"_acf_changed":false},"product_brand":[312],"product_cat":[466,474],"product_tag":[],"class_list":{"0":"post-40152","1":"product","2":"type-product","3":"status-publish","4":"has-post-thumbnail","6":"product_brand-canaca","7":"product_cat-3-4-5-achsen-schraubstocke","8":"product_cat-modulare-spannung","10":"first","11":"instock","12":"sale","13":"taxable","14":"shipping-taxable","15":"purchasable","16":"product-type-simple"},"acf":{"teknik_foto1":"","teknik_foto_2":"","teknik_foto_3":"","urunlerin_logosu_url":"https:\/\/tecus.com.tr\/wp-content\/uploads\/2025\/09\/logo_pica_j.png"},"_links":{"self":[{"href":"https:\/\/canaca.com.tr\/de\/wp-json\/wp\/v2\/product\/40152","targetHints":{"allow":["GET"]}}],"collection":[{"href":"https:\/\/canaca.com.tr\/de\/wp-json\/wp\/v2\/product"}],"about":[{"href":"https:\/\/canaca.com.tr\/de\/wp-json\/wp\/v2\/types\/product"}],"version-history":[{"count":1,"href":"https:\/\/canaca.com.tr\/de\/wp-json\/wp\/v2\/product\/40152\/revisions"}],"predecessor-version":[{"id":40153,"href":"https:\/\/canaca.com.tr\/de\/wp-json\/wp\/v2\/product\/40152\/revisions\/40153"}],"wp:featuredmedia":[{"embeddable":true,"href":"https:\/\/canaca.com.tr\/de\/wp-json\/wp\/v2\/media\/38607"}],"wp:attachment":[{"href":"https:\/\/canaca.com.tr\/de\/wp-json\/wp\/v2\/media?parent=40152"}],"wp:term":[{"taxonomy":"product_brand","embeddable":true,"href":"https:\/\/canaca.com.tr\/de\/wp-json\/wp\/v2\/product_brand?post=40152"},{"taxonomy":"product_cat","embeddable":true,"href":"https:\/\/canaca.com.tr\/de\/wp-json\/wp\/v2\/product_cat?post=40152"},{"taxonomy":"product_tag","embeddable":true,"href":"https:\/\/canaca.com.tr\/de\/wp-json\/wp\/v2\/product_tag?post=40152"}],"curies":[{"name":"wp","href":"https:\/\/api.w.org\/{rel}","templated":true}]}}