{"id":40160,"date":"2025-08-23T15:07:08","date_gmt":"2025-08-23T15:07:08","guid":{"rendered":"https:\/\/canaca.com.tr\/urun\/pica-m\/"},"modified":"2026-01-29T21:55:44","modified_gmt":"2026-01-29T21:55:44","slug":"pica-m","status":"publish","type":"product","link":"https:\/\/canaca.com.tr\/de\/produkt\/pica-m\/","title":{"rendered":"piCA-m"},"content":{"rendered":"","protected":false},"excerpt":{"rendered":"<p>Der moduCA-kompatible modulare Schraubstock hat feste Backen mit den Ma\u00dfen 200x50x28 mm und bewegliche Backen mit den Ma\u00dfen 200x115x28 mm und ist mit 50-mm-Slot-Systemen kompatibel.<\/p>\n<p>Mit einer Spannkraft von \u00fcber 2,5 mm sorgt er f\u00fcr minimalen Materialverlust. Dank seiner modularen Bauweise lassen sich Werkst\u00fccke von 1 cm bis zu mehreren Metern L\u00e4nge problemlos spannen. <\/p>\n<p>Bietet die M\u00f6glichkeit der Mehrfachspannung mit unabh\u00e4ngigen Pitbull-Haltern. Die abnehmbare vordere Backenkonstruktion erm\u00f6glicht das Spannen von Werkst\u00fccken bis zu einer H\u00f6he von 30 mm bei zweiten Arbeitsg\u00e4ngen. Stellt eine starke Alternative zu klassischen Schraubst\u00f6cken dar.  <\/p>\n<p>Inhalt des Sets:<br \/>\n\u25cf 1 St\u00fcck M6 Pitbull (1,6 Tonnen Spannkraft)<br \/>\n\u25cf 3 St\u00fcck M6 Pitbull mit scharfen Kanten<br \/>\n\u25cf 2 St\u00fcck M6 Pitbull mit geraden Kanten<br \/>\n\u25cf 3 St\u00fcck Talon Grip<br \/>\n\u25cf 2 St\u00fcck Auflagebl\u00f6cke<br \/>\n\u25cf M12 T-Nut-Verbindungsst\u00fccke<\/p>\n","protected":false},"featured_media":38598,"template":"","meta":{"_acf_changed":false},"product_brand":[312],"product_cat":[466,474,436],"product_tag":[],"class_list":{"0":"post-40160","1":"product","2":"type-product","3":"status-publish","4":"has-post-thumbnail","6":"product_brand-canaca","7":"product_cat-3-4-5-achsen-schraubstocke","8":"product_cat-modulare-spannung","9":"product_cat-seitliche-spannpratzen","11":"first","12":"instock","13":"sale","14":"taxable","15":"shipping-taxable","16":"purchasable","17":"product-type-simple"},"acf":{"teknik_foto1":"","teknik_foto_2":"","teknik_foto_3":"","urunlerin_logosu_url":"https:\/\/tecus.com.tr\/wp-content\/uploads\/2025\/09\/logo_pica_m.png"},"_links":{"self":[{"href":"https:\/\/canaca.com.tr\/de\/wp-json\/wp\/v2\/product\/40160","targetHints":{"allow":["GET"]}}],"collection":[{"href":"https:\/\/canaca.com.tr\/de\/wp-json\/wp\/v2\/product"}],"about":[{"href":"https:\/\/canaca.com.tr\/de\/wp-json\/wp\/v2\/types\/product"}],"version-history":[{"count":1,"href":"https:\/\/canaca.com.tr\/de\/wp-json\/wp\/v2\/product\/40160\/revisions"}],"predecessor-version":[{"id":40161,"href":"https:\/\/canaca.com.tr\/de\/wp-json\/wp\/v2\/product\/40160\/revisions\/40161"}],"wp:featuredmedia":[{"embeddable":true,"href":"https:\/\/canaca.com.tr\/de\/wp-json\/wp\/v2\/media\/38598"}],"wp:attachment":[{"href":"https:\/\/canaca.com.tr\/de\/wp-json\/wp\/v2\/media?parent=40160"}],"wp:term":[{"taxonomy":"product_brand","embeddable":true,"href":"https:\/\/canaca.com.tr\/de\/wp-json\/wp\/v2\/product_brand?post=40160"},{"taxonomy":"product_cat","embeddable":true,"href":"https:\/\/canaca.com.tr\/de\/wp-json\/wp\/v2\/product_cat?post=40160"},{"taxonomy":"product_tag","embeddable":true,"href":"https:\/\/canaca.com.tr\/de\/wp-json\/wp\/v2\/product_tag?post=40160"}],"curies":[{"name":"wp","href":"https:\/\/api.w.org\/{rel}","templated":true}]}}