{"id":40169,"date":"2025-08-23T15:07:08","date_gmt":"2025-08-23T15:07:08","guid":{"rendered":"https:\/\/canaca.com.tr\/urun\/pica-c\/"},"modified":"2026-01-29T21:55:49","modified_gmt":"2026-01-29T21:55:49","slug":"pica-c","status":"publish","type":"product","link":"https:\/\/canaca.com.tr\/de\/produkt\/pica-c\/","title":{"rendered":"piCA-c"},"content":{"rendered":"","protected":false},"excerpt":{"rendered":"<p>Modularer Schraubstock, 100x50x28 feste Backe, 100x65x28 mm bewegliche Backe, 50 mm Schlitzma\u00dfe. Geringer Materialverlust durch hohe Spannkraft ab 2,5 mm, modulare Bauweise erm\u00f6glicht das Spannen von Werkst\u00fccken mit einer L\u00e4nge von 1 cm bis zu mehreren Metern. Mit unabh\u00e4ngigen Pitbulls k\u00f6nnen mehrere Werkst\u00fccke gespannt werden. Mit abnehmbarer vorderer Backe k\u00f6nnen Werkst\u00fccke f\u00fcr 2. Operationen ab einer H\u00f6he von 30 mm gespannt werden. Bietet eine hervorragende Alternative zu klassischen Schraubst\u00f6cken. Set; 1 St\u00fcck M6 Pitbull mit 1,6 Tonnen Spannkraft, 3 St\u00fcck M6 Pitbull mit scharfer Kante, 2 St\u00fcck M6 Pitbull mit gerader Kante, 3 St\u00fcck Talon Grip, 2 St\u00fcck Anschlagbl\u00f6cke, M12 T-Nut Verbindungselemente enthalten.<\/p>\n","protected":false},"featured_media":38592,"template":"","meta":{"_acf_changed":false},"product_brand":[312],"product_cat":[474],"product_tag":[],"class_list":{"0":"post-40169","1":"product","2":"type-product","3":"status-publish","4":"has-post-thumbnail","6":"product_brand-canaca","7":"product_cat-modulare-spannung","9":"first","10":"instock","11":"sale","12":"taxable","13":"shipping-taxable","14":"purchasable","15":"product-type-simple"},"acf":{"teknik_foto1":"","teknik_foto_2":"","teknik_foto_3":"","urunlerin_logosu_url":"https:\/\/tecus.com.tr\/wp-content\/uploads\/2025\/09\/logo_pica_c.png"},"_links":{"self":[{"href":"https:\/\/canaca.com.tr\/de\/wp-json\/wp\/v2\/product\/40169","targetHints":{"allow":["GET"]}}],"collection":[{"href":"https:\/\/canaca.com.tr\/de\/wp-json\/wp\/v2\/product"}],"about":[{"href":"https:\/\/canaca.com.tr\/de\/wp-json\/wp\/v2\/types\/product"}],"version-history":[{"count":1,"href":"https:\/\/canaca.com.tr\/de\/wp-json\/wp\/v2\/product\/40169\/revisions"}],"predecessor-version":[{"id":40170,"href":"https:\/\/canaca.com.tr\/de\/wp-json\/wp\/v2\/product\/40169\/revisions\/40170"}],"wp:featuredmedia":[{"embeddable":true,"href":"https:\/\/canaca.com.tr\/de\/wp-json\/wp\/v2\/media\/38592"}],"wp:attachment":[{"href":"https:\/\/canaca.com.tr\/de\/wp-json\/wp\/v2\/media?parent=40169"}],"wp:term":[{"taxonomy":"product_brand","embeddable":true,"href":"https:\/\/canaca.com.tr\/de\/wp-json\/wp\/v2\/product_brand?post=40169"},{"taxonomy":"product_cat","embeddable":true,"href":"https:\/\/canaca.com.tr\/de\/wp-json\/wp\/v2\/product_cat?post=40169"},{"taxonomy":"product_tag","embeddable":true,"href":"https:\/\/canaca.com.tr\/de\/wp-json\/wp\/v2\/product_tag?post=40169"}],"curies":[{"name":"wp","href":"https:\/\/api.w.org\/{rel}","templated":true}]}}