{"id":40172,"date":"2025-08-23T15:07:07","date_gmt":"2025-08-23T15:07:07","guid":{"rendered":"https:\/\/canaca.com.tr\/urun\/vaca-5025\/"},"modified":"2026-01-29T21:55:50","modified_gmt":"2026-01-29T21:55:50","slug":"vaca5025m6","status":"publish","type":"product","link":"https:\/\/canaca.com.tr\/de\/produkt\/vaca5025m6\/","title":{"rendered":"vaCA-5025"},"content":{"rendered":"","protected":false},"excerpt":{"rendered":"<p>Vakuumtisch mit den Ma\u00dfen 500x250x40 mm. Kann mit 6 bar \u00dcberdruck ohne Vakuumtisch betrieben werden. Zusammen mit dem Vakuumsystem kann er dank der M6-Gewinde und 6h7-Bohrungen auch f\u00fcr die mechanische Spannung von Werkst\u00fccken aller Art mit modularen Ausr\u00fcstungen verwendet werden.<\/p>\n","protected":false},"featured_media":38578,"template":"","meta":{"_acf_changed":false},"product_brand":[312],"product_cat":[475,439],"product_tag":[],"class_list":{"0":"post-40172","1":"product","2":"type-product","3":"status-publish","4":"has-post-thumbnail","6":"product_brand-canaca","7":"product_cat-modulare-spannvorrichtungsplatten","8":"product_cat-vakuumtisch","10":"first","11":"instock","12":"sale","13":"taxable","14":"shipping-taxable","15":"purchasable","16":"product-type-simple"},"acf":{"teknik_foto1":"","teknik_foto_2":"","teknik_foto_3":"","urunlerin_logosu_url":"https:\/\/tecus.com.tr\/wp-content\/uploads\/2025\/09\/logo_vaca_5025.png"},"_links":{"self":[{"href":"https:\/\/canaca.com.tr\/de\/wp-json\/wp\/v2\/product\/40172","targetHints":{"allow":["GET"]}}],"collection":[{"href":"https:\/\/canaca.com.tr\/de\/wp-json\/wp\/v2\/product"}],"about":[{"href":"https:\/\/canaca.com.tr\/de\/wp-json\/wp\/v2\/types\/product"}],"version-history":[{"count":1,"href":"https:\/\/canaca.com.tr\/de\/wp-json\/wp\/v2\/product\/40172\/revisions"}],"predecessor-version":[{"id":40173,"href":"https:\/\/canaca.com.tr\/de\/wp-json\/wp\/v2\/product\/40172\/revisions\/40173"}],"wp:featuredmedia":[{"embeddable":true,"href":"https:\/\/canaca.com.tr\/de\/wp-json\/wp\/v2\/media\/38578"}],"wp:attachment":[{"href":"https:\/\/canaca.com.tr\/de\/wp-json\/wp\/v2\/media?parent=40172"}],"wp:term":[{"taxonomy":"product_brand","embeddable":true,"href":"https:\/\/canaca.com.tr\/de\/wp-json\/wp\/v2\/product_brand?post=40172"},{"taxonomy":"product_cat","embeddable":true,"href":"https:\/\/canaca.com.tr\/de\/wp-json\/wp\/v2\/product_cat?post=40172"},{"taxonomy":"product_tag","embeddable":true,"href":"https:\/\/canaca.com.tr\/de\/wp-json\/wp\/v2\/product_tag?post=40172"}],"curies":[{"name":"wp","href":"https:\/\/api.w.org\/{rel}","templated":true}]}}