{"id":40179,"date":"2025-08-23T15:07:06","date_gmt":"2025-08-23T15:07:06","guid":{"rendered":"https:\/\/canaca.com.tr\/urun\/tica\/"},"modified":"2026-01-29T21:55:52","modified_gmt":"2026-01-29T21:55:52","slug":"tica","status":"publish","type":"product","link":"https:\/\/canaca.com.tr\/de\/produkt\/tica\/","title":{"rendered":"tiCA"},"content":{"rendered":"","protected":false},"excerpt":{"rendered":"<p>Wird verwendet, um das Werkst\u00fcck mit in die T-Nut eingebrachten M12-Gewindebohrungen auf die Platte zu ziehen. Ideal f\u00fcr die Montage von moduCA-Plattformen auf der Platte. Wird zum Ziehen von T-Nut-Platten ohne Schuh oder Seitenst\u00fctze verwendet.<\/p>\n","protected":false},"featured_media":38573,"template":"","meta":{"_acf_changed":false},"product_brand":[312],"product_cat":[474,476],"product_tag":[],"class_list":{"0":"post-40179","1":"product","2":"type-product","3":"status-publish","4":"has-post-thumbnail","6":"product_brand-canaca","7":"product_cat-modulare-spannung","8":"product_cat-spannvorrichtungen-mit-unterdruck","10":"first","11":"instock","12":"sale","13":"taxable","14":"shipping-taxable","15":"purchasable","16":"product-type-simple"},"acf":{"teknik_foto1":"","teknik_foto_2":"","teknik_foto_3":"","urunlerin_logosu_url":"https:\/\/tecus.com.tr\/wp-content\/uploads\/2025\/09\/logo_tica.png"},"_links":{"self":[{"href":"https:\/\/canaca.com.tr\/de\/wp-json\/wp\/v2\/product\/40179","targetHints":{"allow":["GET"]}}],"collection":[{"href":"https:\/\/canaca.com.tr\/de\/wp-json\/wp\/v2\/product"}],"about":[{"href":"https:\/\/canaca.com.tr\/de\/wp-json\/wp\/v2\/types\/product"}],"version-history":[{"count":1,"href":"https:\/\/canaca.com.tr\/de\/wp-json\/wp\/v2\/product\/40179\/revisions"}],"predecessor-version":[{"id":40180,"href":"https:\/\/canaca.com.tr\/de\/wp-json\/wp\/v2\/product\/40179\/revisions\/40180"}],"wp:featuredmedia":[{"embeddable":true,"href":"https:\/\/canaca.com.tr\/de\/wp-json\/wp\/v2\/media\/38573"}],"wp:attachment":[{"href":"https:\/\/canaca.com.tr\/de\/wp-json\/wp\/v2\/media?parent=40179"}],"wp:term":[{"taxonomy":"product_brand","embeddable":true,"href":"https:\/\/canaca.com.tr\/de\/wp-json\/wp\/v2\/product_brand?post=40179"},{"taxonomy":"product_cat","embeddable":true,"href":"https:\/\/canaca.com.tr\/de\/wp-json\/wp\/v2\/product_cat?post=40179"},{"taxonomy":"product_tag","embeddable":true,"href":"https:\/\/canaca.com.tr\/de\/wp-json\/wp\/v2\/product_tag?post=40179"}],"curies":[{"name":"wp","href":"https:\/\/api.w.org\/{rel}","templated":true}]}}