{"id":40193,"date":"2025-08-23T15:07:06","date_gmt":"2025-08-23T15:07:06","guid":{"rendered":"https:\/\/canaca.com.tr\/urun\/moduca-d250\/"},"modified":"2026-01-29T21:55:58","modified_gmt":"2026-01-29T21:55:58","slug":"moducad250","status":"publish","type":"product","link":"https:\/\/canaca.com.tr\/de\/produkt\/moducad250\/","title":{"rendered":"moduCA-D250"},"content":{"rendered":"","protected":false},"excerpt":{"rendered":"<p>Modulare Werkst\u00fcckspannplattform mit den Ma\u00dfen \u00d8250x40mm. Die perfekte L\u00f6sung f\u00fcr Werkst\u00fccke mit einfacher oder komplexer Geometrie. Dank der im Abstand von 25 mm angeordneten M12-Gewinde und der im Abstand von 50 mm angeordneten 12h7-Stiftbohrungen k\u00f6nnen mit dem passenden Spannzubeh\u00f6r schnell nicht-standardm\u00e4\u00dfige Vorrichtungen realisiert werden.<\/p>\n","protected":false},"featured_media":38567,"template":"","meta":{"_acf_changed":false},"product_brand":[312],"product_cat":[475],"product_tag":[],"class_list":{"0":"post-40193","1":"product","2":"type-product","3":"status-publish","4":"has-post-thumbnail","6":"product_brand-canaca","7":"product_cat-modulare-spannvorrichtungsplatten","9":"first","10":"instock","11":"sale","12":"taxable","13":"shipping-taxable","14":"purchasable","15":"product-type-simple"},"acf":{"teknik_foto1":"","teknik_foto_2":"","teknik_foto_3":"","urunlerin_logosu_url":"https:\/\/tecus.com.tr\/wp-content\/uploads\/2025\/09\/logo_moduca_d250.png"},"_links":{"self":[{"href":"https:\/\/canaca.com.tr\/de\/wp-json\/wp\/v2\/product\/40193","targetHints":{"allow":["GET"]}}],"collection":[{"href":"https:\/\/canaca.com.tr\/de\/wp-json\/wp\/v2\/product"}],"about":[{"href":"https:\/\/canaca.com.tr\/de\/wp-json\/wp\/v2\/types\/product"}],"version-history":[{"count":1,"href":"https:\/\/canaca.com.tr\/de\/wp-json\/wp\/v2\/product\/40193\/revisions"}],"predecessor-version":[{"id":40194,"href":"https:\/\/canaca.com.tr\/de\/wp-json\/wp\/v2\/product\/40193\/revisions\/40194"}],"wp:featuredmedia":[{"embeddable":true,"href":"https:\/\/canaca.com.tr\/de\/wp-json\/wp\/v2\/media\/38567"}],"wp:attachment":[{"href":"https:\/\/canaca.com.tr\/de\/wp-json\/wp\/v2\/media?parent=40193"}],"wp:term":[{"taxonomy":"product_brand","embeddable":true,"href":"https:\/\/canaca.com.tr\/de\/wp-json\/wp\/v2\/product_brand?post=40193"},{"taxonomy":"product_cat","embeddable":true,"href":"https:\/\/canaca.com.tr\/de\/wp-json\/wp\/v2\/product_cat?post=40193"},{"taxonomy":"product_tag","embeddable":true,"href":"https:\/\/canaca.com.tr\/de\/wp-json\/wp\/v2\/product_tag?post=40193"}],"curies":[{"name":"wp","href":"https:\/\/api.w.org\/{rel}","templated":true}]}}