{"id":40196,"date":"2025-08-23T15:07:03","date_gmt":"2025-08-23T15:07:03","guid":{"rendered":"https:\/\/canaca.com.tr\/urun\/moduca-2020\/"},"modified":"2026-01-29T21:55:59","modified_gmt":"2026-01-29T21:55:59","slug":"moduca2020","status":"publish","type":"product","link":"https:\/\/canaca.com.tr\/de\/produkt\/moduca2020\/","title":{"rendered":"moduCA-2020"},"content":{"rendered":"","protected":false},"excerpt":{"rendered":"<p>Modulare Werkst\u00fcckspannplattform mit den Ma\u00dfen 500x250x40mm, die perfekte L\u00f6sung f\u00fcr Werkst\u00fccke mit einfacher oder komplexer Geometrie. M12-Gewinde in Abst\u00e4nden von 25 mm und 12h7-Stiftbohrungen in Abst\u00e4nden von 50 mm erm\u00f6glichen in Verbindung mit dem passenden Spannzubeh\u00f6r eine schnelle, nicht werkst\u00fcckspezifische Vorrichtung.<\/p>\n","protected":false},"featured_media":38558,"template":"","meta":{"_acf_changed":false},"product_brand":[312],"product_cat":[475],"product_tag":[],"class_list":{"0":"post-40196","1":"product","2":"type-product","3":"status-publish","4":"has-post-thumbnail","6":"product_brand-canaca","7":"product_cat-modulare-spannvorrichtungsplatten","9":"first","10":"instock","11":"sale","12":"taxable","13":"shipping-taxable","14":"purchasable","15":"product-type-simple"},"acf":{"teknik_foto1":"","teknik_foto_2":"","teknik_foto_3":"","urunlerin_logosu_url":"https:\/\/tecus.com.tr\/wp-content\/uploads\/2025\/09\/logo_moduca_2020.png"},"_links":{"self":[{"href":"https:\/\/canaca.com.tr\/de\/wp-json\/wp\/v2\/product\/40196","targetHints":{"allow":["GET"]}}],"collection":[{"href":"https:\/\/canaca.com.tr\/de\/wp-json\/wp\/v2\/product"}],"about":[{"href":"https:\/\/canaca.com.tr\/de\/wp-json\/wp\/v2\/types\/product"}],"version-history":[{"count":1,"href":"https:\/\/canaca.com.tr\/de\/wp-json\/wp\/v2\/product\/40196\/revisions"}],"predecessor-version":[{"id":40197,"href":"https:\/\/canaca.com.tr\/de\/wp-json\/wp\/v2\/product\/40196\/revisions\/40197"}],"wp:featuredmedia":[{"embeddable":true,"href":"https:\/\/canaca.com.tr\/de\/wp-json\/wp\/v2\/media\/38558"}],"wp:attachment":[{"href":"https:\/\/canaca.com.tr\/de\/wp-json\/wp\/v2\/media?parent=40196"}],"wp:term":[{"taxonomy":"product_brand","embeddable":true,"href":"https:\/\/canaca.com.tr\/de\/wp-json\/wp\/v2\/product_brand?post=40196"},{"taxonomy":"product_cat","embeddable":true,"href":"https:\/\/canaca.com.tr\/de\/wp-json\/wp\/v2\/product_cat?post=40196"},{"taxonomy":"product_tag","embeddable":true,"href":"https:\/\/canaca.com.tr\/de\/wp-json\/wp\/v2\/product_tag?post=40196"}],"curies":[{"name":"wp","href":"https:\/\/api.w.org\/{rel}","templated":true}]}}