{"id":40202,"date":"2025-08-23T15:07:01","date_gmt":"2025-08-23T15:07:01","guid":{"rendered":"https:\/\/canaca.com.tr\/urun\/cuca-t75\/"},"modified":"2026-01-29T21:56:02","modified_gmt":"2026-01-29T21:56:02","slug":"cuca-t75","status":"publish","type":"product","link":"https:\/\/canaca.com.tr\/de\/produkt\/cuca-t75\/","title":{"rendered":"cuCA-T75"},"content":{"rendered":"","protected":false},"excerpt":{"rendered":"<p>Auf jeder Oberfl\u00e4che k\u00f6nnen 2 St\u00fcck viCA-75L oder 3 St\u00fcck viCA-75 Schraubst\u00f6cke, 1 St\u00fcck dayCA-m Verbindung angebracht werden. zeroCA-kompatible Grundplatte<\/p>\n","protected":false},"featured_media":38545,"template":"","meta":{"_acf_changed":false},"product_brand":[312],"product_cat":[477],"product_tag":[],"class_list":{"0":"post-40202","1":"product","2":"type-product","3":"status-publish","4":"has-post-thumbnail","6":"product_brand-canaca","7":"product_cat-turme","9":"first","10":"instock","11":"sale","12":"taxable","13":"shipping-taxable","14":"purchasable","15":"product-type-simple"},"acf":{"teknik_foto1":"","teknik_foto_2":"","teknik_foto_3":"","urunlerin_logosu_url":"https:\/\/tecus.com.tr\/wp-content\/uploads\/2025\/09\/logo_cuca_t75.png"},"_links":{"self":[{"href":"https:\/\/canaca.com.tr\/de\/wp-json\/wp\/v2\/product\/40202","targetHints":{"allow":["GET"]}}],"collection":[{"href":"https:\/\/canaca.com.tr\/de\/wp-json\/wp\/v2\/product"}],"about":[{"href":"https:\/\/canaca.com.tr\/de\/wp-json\/wp\/v2\/types\/product"}],"version-history":[{"count":1,"href":"https:\/\/canaca.com.tr\/de\/wp-json\/wp\/v2\/product\/40202\/revisions"}],"predecessor-version":[{"id":40203,"href":"https:\/\/canaca.com.tr\/de\/wp-json\/wp\/v2\/product\/40202\/revisions\/40203"}],"wp:featuredmedia":[{"embeddable":true,"href":"https:\/\/canaca.com.tr\/de\/wp-json\/wp\/v2\/media\/38545"}],"wp:attachment":[{"href":"https:\/\/canaca.com.tr\/de\/wp-json\/wp\/v2\/media?parent=40202"}],"wp:term":[{"taxonomy":"product_brand","embeddable":true,"href":"https:\/\/canaca.com.tr\/de\/wp-json\/wp\/v2\/product_brand?post=40202"},{"taxonomy":"product_cat","embeddable":true,"href":"https:\/\/canaca.com.tr\/de\/wp-json\/wp\/v2\/product_cat?post=40202"},{"taxonomy":"product_tag","embeddable":true,"href":"https:\/\/canaca.com.tr\/de\/wp-json\/wp\/v2\/product_tag?post=40202"}],"curies":[{"name":"wp","href":"https:\/\/api.w.org\/{rel}","templated":true}]}}