{"id":40217,"date":"2025-08-23T15:07:02","date_gmt":"2025-08-23T15:07:02","guid":{"rendered":"https:\/\/canaca.com.tr\/urun\/moduca-2520m6\/"},"modified":"2026-01-29T21:56:22","modified_gmt":"2026-01-29T21:56:22","slug":"moduca2520m6","status":"publish","type":"product","link":"https:\/\/canaca.com.tr\/de\/produkt\/moduca2520m6\/","title":{"rendered":"moduCA-2520M6"},"content":{"rendered":"","protected":false},"excerpt":{"rendered":"<p>Modulare Werkst\u00fcckspannplattform mit den Ma\u00dfen 500x250x40mm. Die perfekte L\u00f6sung f\u00fcr Werkst\u00fccke mit einfacher oder komplexer Geometrie. Dank der im Abstand von 12,5 mm angeordneten M6-Gewinde und der im Abstand von 25 mm angeordneten 6h7-Stiftbohrungen k\u00f6nnen mit dem passenden Spannzubeh\u00f6r schnell nicht-standardm\u00e4\u00dfige Vorrichtungen realisiert werden.<\/p>\n","protected":false},"featured_media":38549,"template":"","meta":{"_acf_changed":false},"product_brand":[312],"product_cat":[475],"product_tag":[],"class_list":{"0":"post-40217","1":"product","2":"type-product","3":"status-publish","4":"has-post-thumbnail","6":"product_brand-canaca","7":"product_cat-modulare-spannvorrichtungsplatten","9":"first","10":"instock","11":"sale","12":"taxable","13":"shipping-taxable","14":"purchasable","15":"product-type-simple"},"acf":{"teknik_foto1":"","teknik_foto_2":"","teknik_foto_3":"","urunlerin_logosu_url":"https:\/\/tecus.com.tr\/wp-content\/uploads\/2025\/09\/logo_moduca_2520m6.png"},"_links":{"self":[{"href":"https:\/\/canaca.com.tr\/de\/wp-json\/wp\/v2\/product\/40217","targetHints":{"allow":["GET"]}}],"collection":[{"href":"https:\/\/canaca.com.tr\/de\/wp-json\/wp\/v2\/product"}],"about":[{"href":"https:\/\/canaca.com.tr\/de\/wp-json\/wp\/v2\/types\/product"}],"version-history":[{"count":1,"href":"https:\/\/canaca.com.tr\/de\/wp-json\/wp\/v2\/product\/40217\/revisions"}],"predecessor-version":[{"id":40218,"href":"https:\/\/canaca.com.tr\/de\/wp-json\/wp\/v2\/product\/40217\/revisions\/40218"}],"wp:featuredmedia":[{"embeddable":true,"href":"https:\/\/canaca.com.tr\/de\/wp-json\/wp\/v2\/media\/38549"}],"wp:attachment":[{"href":"https:\/\/canaca.com.tr\/de\/wp-json\/wp\/v2\/media?parent=40217"}],"wp:term":[{"taxonomy":"product_brand","embeddable":true,"href":"https:\/\/canaca.com.tr\/de\/wp-json\/wp\/v2\/product_brand?post=40217"},{"taxonomy":"product_cat","embeddable":true,"href":"https:\/\/canaca.com.tr\/de\/wp-json\/wp\/v2\/product_cat?post=40217"},{"taxonomy":"product_tag","embeddable":true,"href":"https:\/\/canaca.com.tr\/de\/wp-json\/wp\/v2\/product_tag?post=40217"}],"curies":[{"name":"wp","href":"https:\/\/api.w.org\/{rel}","templated":true}]}}