{"id":40231,"date":"2025-08-23T15:06:59","date_gmt":"2025-08-23T15:06:59","guid":{"rendered":"https:\/\/canaca.com.tr\/urun\/zeroca\/"},"modified":"2026-01-29T21:56:28","modified_gmt":"2026-01-29T21:56:28","slug":"zeroca","status":"publish","type":"product","link":"https:\/\/canaca.com.tr\/de\/produkt\/zeroca\/","title":{"rendered":"zeroCA"},"content":{"rendered":"","protected":false},"excerpt":{"rendered":"<p>Das <strong>Schnellwechselsystem f\u00fcr Tische mit 96-52-mm-Adapterplatte<\/strong> bietet eine einzige L\u00f6sung f\u00fcr sowohl 96-mm- als auch 52-mm-Achsabst\u00e4nde nach Industriestandard. Es ist dank seiner Konstruktion aus geh\u00e4rtetem Spezialstahl langlebig. Dank der kompatiblen unteren und oberen Ausr\u00fcstung ist es ein hervorragendes System, das einen schnellen \u00dcbergang und eine Steigerung der Effizienz in Ihrer Produktionslinie erm\u00f6glicht.<\/p>\n","protected":false},"featured_media":38517,"template":"","meta":{"_acf_changed":false},"product_brand":[312],"product_cat":[474,391,476],"product_tag":[],"class_list":{"0":"post-40231","1":"product","2":"type-product","3":"status-publish","4":"has-post-thumbnail","6":"product_brand-canaca","7":"product_cat-modulare-spannung","8":"product_cat-quick-change","9":"product_cat-spannvorrichtungen-mit-unterdruck","11":"first","12":"instock","13":"sale","14":"taxable","15":"shipping-taxable","16":"purchasable","17":"product-type-simple"},"acf":{"teknik_foto1":"","teknik_foto_2":"","teknik_foto_3":"","urunlerin_logosu_url":"https:\/\/tecus.com.tr\/wp-content\/uploads\/2025\/09\/logo_zeroca.png"},"_links":{"self":[{"href":"https:\/\/canaca.com.tr\/de\/wp-json\/wp\/v2\/product\/40231","targetHints":{"allow":["GET"]}}],"collection":[{"href":"https:\/\/canaca.com.tr\/de\/wp-json\/wp\/v2\/product"}],"about":[{"href":"https:\/\/canaca.com.tr\/de\/wp-json\/wp\/v2\/types\/product"}],"version-history":[{"count":1,"href":"https:\/\/canaca.com.tr\/de\/wp-json\/wp\/v2\/product\/40231\/revisions"}],"predecessor-version":[{"id":40232,"href":"https:\/\/canaca.com.tr\/de\/wp-json\/wp\/v2\/product\/40231\/revisions\/40232"}],"wp:featuredmedia":[{"embeddable":true,"href":"https:\/\/canaca.com.tr\/de\/wp-json\/wp\/v2\/media\/38517"}],"wp:attachment":[{"href":"https:\/\/canaca.com.tr\/de\/wp-json\/wp\/v2\/media?parent=40231"}],"wp:term":[{"taxonomy":"product_brand","embeddable":true,"href":"https:\/\/canaca.com.tr\/de\/wp-json\/wp\/v2\/product_brand?post=40231"},{"taxonomy":"product_cat","embeddable":true,"href":"https:\/\/canaca.com.tr\/de\/wp-json\/wp\/v2\/product_cat?post=40231"},{"taxonomy":"product_tag","embeddable":true,"href":"https:\/\/canaca.com.tr\/de\/wp-json\/wp\/v2\/product_tag?post=40231"}],"curies":[{"name":"wp","href":"https:\/\/api.w.org\/{rel}","templated":true}]}}