{"id":40236,"date":"2025-08-23T15:07:00","date_gmt":"2025-08-23T15:07:00","guid":{"rendered":"https:\/\/canaca.com.tr\/urun\/cuca-90\/"},"modified":"2026-01-29T21:56:29","modified_gmt":"2026-01-29T21:56:29","slug":"cuca-90","status":"publish","type":"product","link":"https:\/\/canaca.com.tr\/de\/produkt\/cuca-90\/","title":{"rendered":"cuCA-90"},"content":{"rendered":"","protected":false},"excerpt":{"rendered":"<p>Die 5-Seiten-W\u00fcrfelvorrichtung, die f\u00fcr die ZeroCA-Verbindung entwickelt wurde, ist eine ideale L\u00f6sung, um 5-Achsen-Operationen mit 90-Grad-Indexierung auf 3-Achsen-Maschinen durchzuf\u00fchren. Dar\u00fcber hinaus k\u00f6nnen ZeroCA-Systeme durch die abgewinkelte Verbindung in 30-Grad-Schritten auch bei Indexiervorg\u00e4ngen mit Zwischenwinkeln eingesetzt werden.<\/p>\n","protected":false},"featured_media":38525,"template":"","meta":{"_acf_changed":false},"product_brand":[312],"product_cat":[477],"product_tag":[],"class_list":{"0":"post-40236","1":"product","2":"type-product","3":"status-publish","4":"has-post-thumbnail","6":"product_brand-canaca","7":"product_cat-turme","9":"first","10":"instock","11":"sale","12":"taxable","13":"shipping-taxable","14":"purchasable","15":"product-type-simple"},"acf":{"teknik_foto1":"","teknik_foto_2":"","teknik_foto_3":"","urunlerin_logosu_url":"https:\/\/tecus.com.tr\/wp-content\/uploads\/2025\/09\/logo_cuca_90.png"},"_links":{"self":[{"href":"https:\/\/canaca.com.tr\/de\/wp-json\/wp\/v2\/product\/40236","targetHints":{"allow":["GET"]}}],"collection":[{"href":"https:\/\/canaca.com.tr\/de\/wp-json\/wp\/v2\/product"}],"about":[{"href":"https:\/\/canaca.com.tr\/de\/wp-json\/wp\/v2\/types\/product"}],"version-history":[{"count":1,"href":"https:\/\/canaca.com.tr\/de\/wp-json\/wp\/v2\/product\/40236\/revisions"}],"predecessor-version":[{"id":40237,"href":"https:\/\/canaca.com.tr\/de\/wp-json\/wp\/v2\/product\/40236\/revisions\/40237"}],"wp:featuredmedia":[{"embeddable":true,"href":"https:\/\/canaca.com.tr\/de\/wp-json\/wp\/v2\/media\/38525"}],"wp:attachment":[{"href":"https:\/\/canaca.com.tr\/de\/wp-json\/wp\/v2\/media?parent=40236"}],"wp:term":[{"taxonomy":"product_brand","embeddable":true,"href":"https:\/\/canaca.com.tr\/de\/wp-json\/wp\/v2\/product_brand?post=40236"},{"taxonomy":"product_cat","embeddable":true,"href":"https:\/\/canaca.com.tr\/de\/wp-json\/wp\/v2\/product_cat?post=40236"},{"taxonomy":"product_tag","embeddable":true,"href":"https:\/\/canaca.com.tr\/de\/wp-json\/wp\/v2\/product_tag?post=40236"}],"curies":[{"name":"wp","href":"https:\/\/api.w.org\/{rel}","templated":true}]}}