{"id":40240,"date":"2025-08-24T14:55:12","date_gmt":"2025-08-24T14:55:12","guid":{"rendered":"https:\/\/canaca.com.tr\/urun\/moduca-d400\/"},"modified":"2026-01-29T21:56:31","modified_gmt":"2026-01-29T21:56:31","slug":"moducad400","status":"publish","type":"product","link":"https:\/\/canaca.com.tr\/de\/produkt\/moducad400\/","title":{"rendered":"moduCA-D400"},"content":{"rendered":"","protected":false},"excerpt":{"rendered":"<p>Modulare Werkst\u00fcckspannplattform mit den Ma\u00dfen \u00d84000x40mm. Die perfekte L\u00f6sung f\u00fcr Werkst\u00fccke mit einfacher oder komplexer Geometrie. Dank der im Abstand von 25 mm angeordneten M12-Gewinde und der im Abstand von 50 mm angeordneten 12h7-Stiftbohrungen, sowie der passenden Spannmittel, die auf der Plattform verwendet werden k\u00f6nnen, lassen sich schnell werkst\u00fcckspezifische Vorrichtungen realisieren.<\/p>\n","protected":false},"featured_media":40186,"template":"","meta":{"_acf_changed":false},"product_brand":[312],"product_cat":[475],"product_tag":[],"class_list":{"0":"post-40240","1":"product","2":"type-product","3":"status-publish","4":"has-post-thumbnail","6":"product_brand-canaca","7":"product_cat-modulare-spannvorrichtungsplatten","9":"first","10":"instock","11":"sale","12":"taxable","13":"shipping-taxable","14":"purchasable","15":"product-type-simple"},"acf":{"teknik_foto1":"","teknik_foto_2":"","teknik_foto_3":"","urunlerin_logosu_url":"https:\/\/tecus.com.tr\/wp-content\/uploads\/2025\/09\/logo_moduca_d400.png"},"_links":{"self":[{"href":"https:\/\/canaca.com.tr\/de\/wp-json\/wp\/v2\/product\/40240","targetHints":{"allow":["GET"]}}],"collection":[{"href":"https:\/\/canaca.com.tr\/de\/wp-json\/wp\/v2\/product"}],"about":[{"href":"https:\/\/canaca.com.tr\/de\/wp-json\/wp\/v2\/types\/product"}],"version-history":[{"count":1,"href":"https:\/\/canaca.com.tr\/de\/wp-json\/wp\/v2\/product\/40240\/revisions"}],"predecessor-version":[{"id":40241,"href":"https:\/\/canaca.com.tr\/de\/wp-json\/wp\/v2\/product\/40240\/revisions\/40241"}],"wp:featuredmedia":[{"embeddable":true,"href":"https:\/\/canaca.com.tr\/de\/wp-json\/wp\/v2\/media\/40186"}],"wp:attachment":[{"href":"https:\/\/canaca.com.tr\/de\/wp-json\/wp\/v2\/media?parent=40240"}],"wp:term":[{"taxonomy":"product_brand","embeddable":true,"href":"https:\/\/canaca.com.tr\/de\/wp-json\/wp\/v2\/product_brand?post=40240"},{"taxonomy":"product_cat","embeddable":true,"href":"https:\/\/canaca.com.tr\/de\/wp-json\/wp\/v2\/product_cat?post=40240"},{"taxonomy":"product_tag","embeddable":true,"href":"https:\/\/canaca.com.tr\/de\/wp-json\/wp\/v2\/product_tag?post=40240"}],"curies":[{"name":"wp","href":"https:\/\/api.w.org\/{rel}","templated":true}]}}