{"id":40307,"date":"2025-08-23T15:06:59","date_gmt":"2025-08-23T15:06:59","guid":{"rendered":"https:\/\/canaca.com.tr\/urun\/jawca\/"},"modified":"2026-01-29T21:57:16","modified_gmt":"2026-01-29T21:57:16","slug":"jawca","status":"publish","type":"product","link":"https:\/\/canaca.com.tr\/de\/produkt\/jawca\/","title":{"rendered":"jawCA"},"content":{"rendered":"","protected":false},"excerpt":{"rendered":"<p>Diese Backe, die an konventionellen Schraubst\u00f6cken montiert werden kann, ist 200 mm lang.<br \/>\nIn Kombination mit Talon Grip und Versa Grip k\u00f6nnen sowohl flache als auch runde Materialien ab 1,5 mm sicher verbunden werden. Dank der Bei\u00dfkraft k\u00f6nnen mehrere Materialien kraftvoll gespannt werden.<br \/>\nDie Stiftl\u00f6cher k\u00f6nnen verwendet werden, um Unterlagen, Anschl\u00e4ge oder Teile in einem Winkel von 5 Grad zu verbinden.<\/p>\n","protected":false},"featured_media":38514,"template":"","meta":{"_acf_changed":false},"product_brand":[312],"product_cat":[466,474],"product_tag":[],"class_list":{"0":"post-40307","1":"product","2":"type-product","3":"status-publish","4":"has-post-thumbnail","6":"product_brand-canaca","7":"product_cat-3-4-5-achsen-schraubstocke","8":"product_cat-modulare-spannung","10":"first","11":"instock","12":"sale","13":"taxable","14":"shipping-taxable","15":"purchasable","16":"product-type-simple"},"acf":{"teknik_foto1":"","teknik_foto_2":"","teknik_foto_3":"","urunlerin_logosu_url":"https:\/\/tecus.com.tr\/wp-content\/uploads\/2025\/09\/logo_jawca.png"},"_links":{"self":[{"href":"https:\/\/canaca.com.tr\/de\/wp-json\/wp\/v2\/product\/40307","targetHints":{"allow":["GET"]}}],"collection":[{"href":"https:\/\/canaca.com.tr\/de\/wp-json\/wp\/v2\/product"}],"about":[{"href":"https:\/\/canaca.com.tr\/de\/wp-json\/wp\/v2\/types\/product"}],"version-history":[{"count":1,"href":"https:\/\/canaca.com.tr\/de\/wp-json\/wp\/v2\/product\/40307\/revisions"}],"predecessor-version":[{"id":40308,"href":"https:\/\/canaca.com.tr\/de\/wp-json\/wp\/v2\/product\/40307\/revisions\/40308"}],"wp:featuredmedia":[{"embeddable":true,"href":"https:\/\/canaca.com.tr\/de\/wp-json\/wp\/v2\/media\/38514"}],"wp:attachment":[{"href":"https:\/\/canaca.com.tr\/de\/wp-json\/wp\/v2\/media?parent=40307"}],"wp:term":[{"taxonomy":"product_brand","embeddable":true,"href":"https:\/\/canaca.com.tr\/de\/wp-json\/wp\/v2\/product_brand?post=40307"},{"taxonomy":"product_cat","embeddable":true,"href":"https:\/\/canaca.com.tr\/de\/wp-json\/wp\/v2\/product_cat?post=40307"},{"taxonomy":"product_tag","embeddable":true,"href":"https:\/\/canaca.com.tr\/de\/wp-json\/wp\/v2\/product_tag?post=40307"}],"curies":[{"name":"wp","href":"https:\/\/api.w.org\/{rel}","templated":true}]}}