{"id":40427,"date":"2025-08-23T15:07:08","date_gmt":"2025-08-23T15:07:08","guid":{"rendered":"https:\/\/canaca.com.tr\/urun\/pica-b\/"},"modified":"2026-01-29T22:08:04","modified_gmt":"2026-01-29T22:08:04","slug":"pica-b","status":"publish","type":"product","link":"https:\/\/canaca.com.tr\/it\/prodotto\/pica-b\/","title":{"rendered":"piCA-B"},"content":{"rendered":"","protected":false},"excerpt":{"rendered":"<p>Morsa modulare, ganascia fissa 200x50x35, ganascia mobile 200x115x35 mm, dimensioni slot 50 mm. Possibilit\u00e0 di serraggio con forza superiore a 2,5 mm con conseguente riduzione degli scarti di materiale, la struttura modulare consente di serrare pezzi da 1 cm a metri di lunghezza. \u00c8 possibile serrare pi\u00f9 pezzi con Pitbull indipendenti. Con la ganascia anteriore rimovibile, \u00e8 possibile serrare pezzi da un&#8217;altezza di 30 mm anche per le seconde operazioni. Offre un&#8217;eccellente alternativa alle morse classiche. Set; 1 Pitbull M6 fornisce una forza di serraggio di 1,6 tonnellate, include 3 Pitbull M6 a spigoli vivi, 2 Pitbull M6 a spigoli vivi, 3 Talon grip, 2 blocchi di appoggio, accessori di collegamento per scanalatura a T M12.<\/p>\n","protected":false},"featured_media":38595,"template":"","meta":{"_acf_changed":false},"product_brand":[312],"product_cat":[526],"product_tag":[],"class_list":{"0":"post-40427","1":"product","2":"type-product","3":"status-publish","4":"has-post-thumbnail","6":"product_brand-canaca","7":"product_cat-fissaggio-modulare","9":"first","10":"instock","11":"sale","12":"taxable","13":"shipping-taxable","14":"purchasable","15":"product-type-simple"},"acf":{"teknik_foto1":"","teknik_foto_2":"","teknik_foto_3":"","urunlerin_logosu_url":"https:\/\/tecus.com.tr\/wp-content\/uploads\/2025\/09\/logo_pica_b.png"},"_links":{"self":[{"href":"https:\/\/canaca.com.tr\/it\/wp-json\/wp\/v2\/product\/40427","targetHints":{"allow":["GET"]}}],"collection":[{"href":"https:\/\/canaca.com.tr\/it\/wp-json\/wp\/v2\/product"}],"about":[{"href":"https:\/\/canaca.com.tr\/it\/wp-json\/wp\/v2\/types\/product"}],"version-history":[{"count":1,"href":"https:\/\/canaca.com.tr\/it\/wp-json\/wp\/v2\/product\/40427\/revisions"}],"predecessor-version":[{"id":40428,"href":"https:\/\/canaca.com.tr\/it\/wp-json\/wp\/v2\/product\/40427\/revisions\/40428"}],"wp:featuredmedia":[{"embeddable":true,"href":"https:\/\/canaca.com.tr\/it\/wp-json\/wp\/v2\/media\/38595"}],"wp:attachment":[{"href":"https:\/\/canaca.com.tr\/it\/wp-json\/wp\/v2\/media?parent=40427"}],"wp:term":[{"taxonomy":"product_brand","embeddable":true,"href":"https:\/\/canaca.com.tr\/it\/wp-json\/wp\/v2\/product_brand?post=40427"},{"taxonomy":"product_cat","embeddable":true,"href":"https:\/\/canaca.com.tr\/it\/wp-json\/wp\/v2\/product_cat?post=40427"},{"taxonomy":"product_tag","embeddable":true,"href":"https:\/\/canaca.com.tr\/it\/wp-json\/wp\/v2\/product_tag?post=40427"}],"curies":[{"name":"wp","href":"https:\/\/api.w.org\/{rel}","templated":true}]}}