{"id":40433,"date":"2025-08-23T15:07:08","date_gmt":"2025-08-23T15:07:08","guid":{"rendered":"https:\/\/canaca.com.tr\/urun\/pica-c\/"},"modified":"2026-01-29T22:08:07","modified_gmt":"2026-01-29T22:08:07","slug":"pica-c","status":"publish","type":"product","link":"https:\/\/canaca.com.tr\/it\/prodotto\/pica-c\/","title":{"rendered":"piCA-c"},"content":{"rendered":"","protected":false},"excerpt":{"rendered":"<p>Morsa modulare, ganascia fissa 100x50x28, ganascia mobile 100x65x28 mm, dimensioni slot 50 mm. Bassa perdita di materiale grazie alla possibilit\u00e0 di serraggio con una forza superiore a 2,5 mm, la struttura modulare consente di serrare pezzi da 1 cm a metri di lunghezza. \u00c8 possibile serrare pi\u00f9 pezzi con Pitbull indipendenti. Con la ganascia anteriore rimovibile, \u00e8 possibile serrare un pezzo da un&#8217;altezza di 30 mm anche per le seconde operazioni. Offre un&#8217;alternativa eccellente alle morse classiche. Il set include: 1 Pitbull M6 per una forza di serraggio di 1,6 tonnellate, 3 Pitbull M6 a spigolo vivo, 2 Pitbull M6 a spigolo dritto, 3 Talon grip, 2 blocchi di appoggio, attrezzatura di collegamento per slot a T M12.<\/p>\n","protected":false},"featured_media":38592,"template":"","meta":{"_acf_changed":false},"product_brand":[312],"product_cat":[526],"product_tag":[],"class_list":{"0":"post-40433","1":"product","2":"type-product","3":"status-publish","4":"has-post-thumbnail","6":"product_brand-canaca","7":"product_cat-fissaggio-modulare","9":"first","10":"instock","11":"sale","12":"taxable","13":"shipping-taxable","14":"purchasable","15":"product-type-simple"},"acf":{"teknik_foto1":"","teknik_foto_2":"","teknik_foto_3":"","urunlerin_logosu_url":"https:\/\/tecus.com.tr\/wp-content\/uploads\/2025\/09\/logo_pica_c.png"},"_links":{"self":[{"href":"https:\/\/canaca.com.tr\/it\/wp-json\/wp\/v2\/product\/40433","targetHints":{"allow":["GET"]}}],"collection":[{"href":"https:\/\/canaca.com.tr\/it\/wp-json\/wp\/v2\/product"}],"about":[{"href":"https:\/\/canaca.com.tr\/it\/wp-json\/wp\/v2\/types\/product"}],"version-history":[{"count":1,"href":"https:\/\/canaca.com.tr\/it\/wp-json\/wp\/v2\/product\/40433\/revisions"}],"predecessor-version":[{"id":40434,"href":"https:\/\/canaca.com.tr\/it\/wp-json\/wp\/v2\/product\/40433\/revisions\/40434"}],"wp:featuredmedia":[{"embeddable":true,"href":"https:\/\/canaca.com.tr\/it\/wp-json\/wp\/v2\/media\/38592"}],"wp:attachment":[{"href":"https:\/\/canaca.com.tr\/it\/wp-json\/wp\/v2\/media?parent=40433"}],"wp:term":[{"taxonomy":"product_brand","embeddable":true,"href":"https:\/\/canaca.com.tr\/it\/wp-json\/wp\/v2\/product_brand?post=40433"},{"taxonomy":"product_cat","embeddable":true,"href":"https:\/\/canaca.com.tr\/it\/wp-json\/wp\/v2\/product_cat?post=40433"},{"taxonomy":"product_tag","embeddable":true,"href":"https:\/\/canaca.com.tr\/it\/wp-json\/wp\/v2\/product_tag?post=40433"}],"curies":[{"name":"wp","href":"https:\/\/api.w.org\/{rel}","templated":true}]}}