{"id":40436,"date":"2025-08-23T15:07:07","date_gmt":"2025-08-23T15:07:07","guid":{"rendered":"https:\/\/canaca.com.tr\/urun\/vaca-5025\/"},"modified":"2026-01-29T22:08:08","modified_gmt":"2026-01-29T22:08:08","slug":"vaca5025m6","status":"publish","type":"product","link":"https:\/\/canaca.com.tr\/it\/prodotto\/vaca5025m6\/","title":{"rendered":"vaCA-5025"},"content":{"rendered":"","protected":false},"excerpt":{"rendered":"<p>Tavola a vuoto di dimensioni 500x250x40 mm. Pu\u00f2 funzionare con aria positiva a 6 bar senza necessit\u00e0 di una tavola a vuoto. Grazie al sistema di vuoto, ai fori M6 e 6h7 presenti, pu\u00f2 essere utilizzata anche per il bloccaggio meccanico di qualsiasi tipo di pezzo con attrezzature modulari.<\/p>\n","protected":false},"featured_media":38578,"template":"","meta":{"_acf_changed":false},"product_brand":[312],"product_cat":[531,497],"product_tag":[],"class_list":{"0":"post-40436","1":"product","2":"type-product","3":"status-publish","4":"has-post-thumbnail","6":"product_brand-canaca","7":"product_cat-piastre-di-fissaggio-modulari","8":"product_cat-tavola-a-vuoto","10":"first","11":"instock","12":"sale","13":"taxable","14":"shipping-taxable","15":"purchasable","16":"product-type-simple"},"acf":{"teknik_foto1":"","teknik_foto_2":"","teknik_foto_3":"","urunlerin_logosu_url":"https:\/\/tecus.com.tr\/wp-content\/uploads\/2025\/09\/logo_vaca_5025.png"},"_links":{"self":[{"href":"https:\/\/canaca.com.tr\/it\/wp-json\/wp\/v2\/product\/40436","targetHints":{"allow":["GET"]}}],"collection":[{"href":"https:\/\/canaca.com.tr\/it\/wp-json\/wp\/v2\/product"}],"about":[{"href":"https:\/\/canaca.com.tr\/it\/wp-json\/wp\/v2\/types\/product"}],"version-history":[{"count":1,"href":"https:\/\/canaca.com.tr\/it\/wp-json\/wp\/v2\/product\/40436\/revisions"}],"predecessor-version":[{"id":40437,"href":"https:\/\/canaca.com.tr\/it\/wp-json\/wp\/v2\/product\/40436\/revisions\/40437"}],"wp:featuredmedia":[{"embeddable":true,"href":"https:\/\/canaca.com.tr\/it\/wp-json\/wp\/v2\/media\/38578"}],"wp:attachment":[{"href":"https:\/\/canaca.com.tr\/it\/wp-json\/wp\/v2\/media?parent=40436"}],"wp:term":[{"taxonomy":"product_brand","embeddable":true,"href":"https:\/\/canaca.com.tr\/it\/wp-json\/wp\/v2\/product_brand?post=40436"},{"taxonomy":"product_cat","embeddable":true,"href":"https:\/\/canaca.com.tr\/it\/wp-json\/wp\/v2\/product_cat?post=40436"},{"taxonomy":"product_tag","embeddable":true,"href":"https:\/\/canaca.com.tr\/it\/wp-json\/wp\/v2\/product_tag?post=40436"}],"curies":[{"name":"wp","href":"https:\/\/api.w.org\/{rel}","templated":true}]}}