{"id":40504,"date":"2025-08-23T15:06:59","date_gmt":"2025-08-23T15:06:59","guid":{"rendered":"https:\/\/canaca.com.tr\/urun\/jawca\/"},"modified":"2026-01-29T22:08:49","modified_gmt":"2026-01-29T22:08:49","slug":"jawca","status":"publish","type":"product","link":"https:\/\/canaca.com.tr\/it\/prodotto\/jawca\/","title":{"rendered":"jawCA"},"content":{"rendered":"","protected":false},"excerpt":{"rendered":"<p>Questa ganascia, montabile su morse convenzionali, \u00e8 lunga 200 mm.<br \/>\nUtilizzata con Talon Grip e Versa Grip, consente di fissare in modo sicuro materiali sia piatti che rotondi a partire da 1,5 mm. Grazie alla sua capacit\u00e0 di presa mordente, pu\u00f2 serrare saldamente pi\u00f9 materiali contemporaneamente.<br \/>\nI fori per i perni possono essere utilizzati per collegare la base, il supporto o i pezzi con angoli di 5 gradi.<\/p>\n","protected":false},"featured_media":38514,"template":"","meta":{"_acf_changed":false},"product_brand":[312],"product_cat":[526,517],"product_tag":[],"class_list":{"0":"post-40504","1":"product","2":"type-product","3":"status-publish","4":"has-post-thumbnail","6":"product_brand-canaca","7":"product_cat-fissaggio-modulare","8":"product_cat-morsetti-a-3-4-5-assi","10":"first","11":"instock","12":"sale","13":"taxable","14":"shipping-taxable","15":"purchasable","16":"product-type-simple"},"acf":{"teknik_foto1":"","teknik_foto_2":"","teknik_foto_3":"","urunlerin_logosu_url":"https:\/\/tecus.com.tr\/wp-content\/uploads\/2025\/09\/logo_jawca.png"},"_links":{"self":[{"href":"https:\/\/canaca.com.tr\/it\/wp-json\/wp\/v2\/product\/40504","targetHints":{"allow":["GET"]}}],"collection":[{"href":"https:\/\/canaca.com.tr\/it\/wp-json\/wp\/v2\/product"}],"about":[{"href":"https:\/\/canaca.com.tr\/it\/wp-json\/wp\/v2\/types\/product"}],"version-history":[{"count":1,"href":"https:\/\/canaca.com.tr\/it\/wp-json\/wp\/v2\/product\/40504\/revisions"}],"predecessor-version":[{"id":40505,"href":"https:\/\/canaca.com.tr\/it\/wp-json\/wp\/v2\/product\/40504\/revisions\/40505"}],"wp:featuredmedia":[{"embeddable":true,"href":"https:\/\/canaca.com.tr\/it\/wp-json\/wp\/v2\/media\/38514"}],"wp:attachment":[{"href":"https:\/\/canaca.com.tr\/it\/wp-json\/wp\/v2\/media?parent=40504"}],"wp:term":[{"taxonomy":"product_brand","embeddable":true,"href":"https:\/\/canaca.com.tr\/it\/wp-json\/wp\/v2\/product_brand?post=40504"},{"taxonomy":"product_cat","embeddable":true,"href":"https:\/\/canaca.com.tr\/it\/wp-json\/wp\/v2\/product_cat?post=40504"},{"taxonomy":"product_tag","embeddable":true,"href":"https:\/\/canaca.com.tr\/it\/wp-json\/wp\/v2\/product_tag?post=40504"}],"curies":[{"name":"wp","href":"https:\/\/api.w.org\/{rel}","templated":true}]}}