{"id":33666,"date":"2019-04-04T07:32:43","date_gmt":"2019-04-04T07:32:43","guid":{"rendered":"https:\/\/canaca.com.tr\/polityka-jakosci\/"},"modified":"2025-09-06T15:23:38","modified_gmt":"2025-09-06T15:23:38","slug":"polityka-jakosci","status":"publish","type":"page","link":"https:\/\/canaca.com.tr\/pl\/polityka-jakosci\/","title":{"rendered":"Polityka Jako\u015bci"},"content":{"rendered":"\t\t<div data-elementor-type=\"wp-post\" data-elementor-id=\"33666\" class=\"elementor elementor-33666 elementor-12456\" data-elementor-post-type=\"page\">\n\t\t\t\t\t\t<section class=\"elementor-section elementor-top-section elementor-element elementor-element-cdcec4f elementor-section-boxed elementor-section-height-default elementor-section-height-default\" data-id=\"cdcec4f\" data-element_type=\"section\">\n\t\t\t\t\t\t<div class=\"elementor-container elementor-column-gap-default\">\n\t\t\t\t\t<div class=\"elementor-column elementor-col-100 elementor-top-column elementor-element elementor-element-825b61a\" data-id=\"825b61a\" data-element_type=\"column\">\n\t\t\t<div class=\"elementor-widget-wrap elementor-element-populated\">\n\t\t\t\t\t\t<div class=\"elementor-element elementor-element-52aa1bc elementor-widget elementor-widget-text-editor\" data-id=\"52aa1bc\" data-element_type=\"widget\" data-widget_type=\"text-editor.default\">\n\t\t\t\t<div class=\"elementor-widget-container\">\n\t\t\t\t\t\t\t\t\t<p><strong>POLITYKA JAKO\u015aCI<\/strong><\/p><p><strong> <\/strong>Zgodnie z wizj\u0105 naszej firmy i wymogami normy ISO 9001:2015, nasza polityka jako\u015bci obejmuje:<\/p><ul><li>Wykorzystywanie rozwijaj\u0105cych si\u0119 i aktualnych technologii oraz \u015bledzenie rozwoju bran\u017cy w celu ci\u0105g\u0142ego podnoszenia jako\u015bci produkt\u00f3w i realizacji produkcji przekraczaj\u0105cej oczekiwania klient\u00f3w<\/li><li>Zapobieganie potencjalnym niezgodno\u015bciom poprzez szybkie tworzenie najbardziej odpowiednich, prawid\u0142owych i ekonomicznych rozwi\u0105za\u0144<\/li><li>Bycie godn\u0105 zaufania firm\u0105, kt\u00f3ra spe\u0142nia potrzeby i oczekiwania klient\u00f3w na najwy\u017cszym poziomie<\/li><li>Bycie wzorcow\u0105 organizacj\u0105, szanuj\u0105c\u0105 spo\u0142ecze\u0144stwo i \u015brodowisko, zapewniaj\u0105c ci\u0105g\u0142o\u015b\u0107 naszego podej\u015bcia do jako\u015bci w celu osi\u0105gni\u0119cia naszych cel\u00f3w jako\u015bciowych zgodnie z nasz\u0105 polityk\u0105<\/li><li>Zapewnienie wszystkich niezb\u0119dnych szkole\u0144, odpowiedniego \u015brodowiska pracy i wsparcia technologicznego, aby stworzy\u0107 rodzinn\u0105 atmosfer\u0119 w d\u0105\u017ceniu do naszych cel\u00f3w zgodnie z nasz\u0105 polityk\u0105<\/li><li>Przyczynianie si\u0119 do gospodarki krajowej poprzez jako\u015b\u0107 \u015bwiadczonych us\u0142ug, zwi\u0119kszaj\u0105c nasze do\u015bwiadczenie i wiedz\u0119<\/li><li>Zapewnienie satysfakcji klienta poprzez zadowolenie pracownik\u00f3w i jako\u015b\u0107 naszych us\u0142ug <\/li><li>Zapewnienie maksymalnej komunikacji i wydajno\u015bci poprzez podej\u015bcie systemowe w procesach i zarz\u0105dzaniu<\/li><li>Uczynienie ci\u0105g\u0142ego doskonalenia zr\u00f3wnowa\u017conym w oparciu o zasad\u0119 efektywno\u015bci<\/li><li>Spe\u0142nianie obowi\u0105zuj\u0105cych wymaga\u0144 i zapewnienie skutecznego mechanizmu podejmowania decyzji z udzia\u0142em pracownik\u00f3w i dostawc\u00f3w<\/li><li>Wpajanie przyw\u00f3dztwa wszystkim naszym pracownikom poprzez zarz\u0105dzanie korporacyjne oparte na strategiach<\/li><\/ul><p>jako zarz\u0105d zobowi\u0105zujemy si\u0119 do zapewnienia ci\u0105g\u0142o\u015bci systemu zarz\u0105dzania jako\u015bci\u0105.<\/p>\t\t\t\t\t\t\t\t<\/div>\n\t\t\t\t<\/div>\n\t\t\t\t\t<\/div>\n\t\t<\/div>\n\t\t\t\t\t<\/div>\n\t\t<\/section>\n\t\t\t\t<\/div>\n\t\t","protected":false},"excerpt":{"rendered":"<p>POLITYKA JAKO\u015aCI Zgodnie z wizj\u0105 naszej firmy i wymogami normy ISO 9001:2015, nasza polityka jako\u015bci obejmuje: Wykorzystywanie rozwijaj\u0105cych si\u0119 i aktualnych technologii oraz \u015bledzenie rozwoju bran\u017cy w celu ci\u0105g\u0142ego podnoszenia jako\u015bci produkt\u00f3w i realizacji produkcji przekraczaj\u0105cej oczekiwania klient\u00f3w Zapobieganie potencjalnym niezgodno\u015bciom poprzez szybkie tworzenie najbardziej odpowiednich, prawid\u0142owych i ekonomicznych rozwi\u0105za\u0144 Bycie godn\u0105 zaufania firm\u0105, kt\u00f3ra &hellip;<\/p>\n<p class=\"read-more\"> <a class=\"\" href=\"https:\/\/canaca.com.tr\/pl\/polityka-jakosci\/\"> <span class=\"screen-reader-text\">Polityka Jako\u015bci<\/span> Read More &raquo;<\/a><\/p>\n","protected":false},"author":23,"featured_media":0,"parent":0,"menu_order":0,"comment_status":"closed","ping_status":"closed","template":"elementor_header_footer","meta":{"_acf_changed":false,"footnotes":""},"class_list":["post-33666","page","type-page","status-publish","hentry"],"acf":[],"_links":{"self":[{"href":"https:\/\/canaca.com.tr\/pl\/wp-json\/wp\/v2\/pages\/33666","targetHints":{"allow":["GET"]}}],"collection":[{"href":"https:\/\/canaca.com.tr\/pl\/wp-json\/wp\/v2\/pages"}],"about":[{"href":"https:\/\/canaca.com.tr\/pl\/wp-json\/wp\/v2\/types\/page"}],"author":[{"embeddable":true,"href":"https:\/\/canaca.com.tr\/pl\/wp-json\/wp\/v2\/users\/23"}],"replies":[{"embeddable":true,"href":"https:\/\/canaca.com.tr\/pl\/wp-json\/wp\/v2\/comments?post=33666"}],"version-history":[{"count":1,"href":"https:\/\/canaca.com.tr\/pl\/wp-json\/wp\/v2\/pages\/33666\/revisions"}],"predecessor-version":[{"id":33667,"href":"https:\/\/canaca.com.tr\/pl\/wp-json\/wp\/v2\/pages\/33666\/revisions\/33667"}],"wp:attachment":[{"href":"https:\/\/canaca.com.tr\/pl\/wp-json\/wp\/v2\/media?parent=33666"}],"curies":[{"name":"wp","href":"https:\/\/api.w.org\/{rel}","templated":true}]}}