{"id":40659,"date":"2025-08-23T15:07:08","date_gmt":"2025-08-23T15:07:08","guid":{"rendered":"https:\/\/canaca.com.tr\/urun\/pica-b\/"},"modified":"2026-01-29T22:11:13","modified_gmt":"2026-01-29T22:11:13","slug":"pica-b","status":"publish","type":"product","link":"https:\/\/canaca.com.tr\/pl\/produkt\/pica-b\/","title":{"rendered":"piCA-B"},"content":{"rendered":"","protected":false},"excerpt":{"rendered":"<p>Imad\u0142o modu\u0142owe, szcz\u0119ka sta\u0142a 200x50x35, szcz\u0119ka ruchoma 200x115x35 mm, rowki 50 mm. Umo\u017cliwia mocowanie z si\u0142\u0105 powy\u017cej 2,5 mm, co minimalizuje straty materia\u0142u. Dzi\u0119ki modu\u0142owej konstrukcji pozwala na mocowanie element\u00f3w od 1 cm do kilku metr\u00f3w d\u0142ugo\u015bci. Niezale\u017cne Pitbulle umo\u017cliwiaj\u0105 mocowanie wielu cz\u0119\u015bci. Od\u0142\u0105czana przednia szcz\u0119ka pozwala na mocowanie cz\u0119\u015bci o wysoko\u015bci 30 mm dla operacji wt\u00f3rnych. Stanowi doskona\u0142\u0105 alternatyw\u0119 dla klasycznych imade\u0142. Zestaw zawiera: 1 Pitbull M6 zapewniaj\u0105cy si\u0142\u0119 zacisku 1,6 tony, 3 Pitbulle M6 z ostrymi kraw\u0119dziami, 2 Pitbulle M6 z p\u0142askimi kraw\u0119dziami, 3 uchwyty Talon, 2 bloki oporowe, oraz elementy mocuj\u0105ce do rowka T M12.<\/p>\n","protected":false},"featured_media":38595,"template":"","meta":{"_acf_changed":false},"product_brand":[312],"product_cat":[528],"product_tag":[],"class_list":{"0":"post-40659","1":"product","2":"type-product","3":"status-publish","4":"has-post-thumbnail","6":"product_brand-canaca","7":"product_cat-mocowanie-modulowe","9":"first","10":"instock","11":"sale","12":"taxable","13":"shipping-taxable","14":"purchasable","15":"product-type-simple"},"acf":{"teknik_foto1":"","teknik_foto_2":"","teknik_foto_3":"","urunlerin_logosu_url":"https:\/\/tecus.com.tr\/wp-content\/uploads\/2025\/09\/logo_pica_b.png"},"_links":{"self":[{"href":"https:\/\/canaca.com.tr\/pl\/wp-json\/wp\/v2\/product\/40659","targetHints":{"allow":["GET"]}}],"collection":[{"href":"https:\/\/canaca.com.tr\/pl\/wp-json\/wp\/v2\/product"}],"about":[{"href":"https:\/\/canaca.com.tr\/pl\/wp-json\/wp\/v2\/types\/product"}],"version-history":[{"count":1,"href":"https:\/\/canaca.com.tr\/pl\/wp-json\/wp\/v2\/product\/40659\/revisions"}],"predecessor-version":[{"id":40660,"href":"https:\/\/canaca.com.tr\/pl\/wp-json\/wp\/v2\/product\/40659\/revisions\/40660"}],"wp:featuredmedia":[{"embeddable":true,"href":"https:\/\/canaca.com.tr\/pl\/wp-json\/wp\/v2\/media\/38595"}],"wp:attachment":[{"href":"https:\/\/canaca.com.tr\/pl\/wp-json\/wp\/v2\/media?parent=40659"}],"wp:term":[{"taxonomy":"product_brand","embeddable":true,"href":"https:\/\/canaca.com.tr\/pl\/wp-json\/wp\/v2\/product_brand?post=40659"},{"taxonomy":"product_cat","embeddable":true,"href":"https:\/\/canaca.com.tr\/pl\/wp-json\/wp\/v2\/product_cat?post=40659"},{"taxonomy":"product_tag","embeddable":true,"href":"https:\/\/canaca.com.tr\/pl\/wp-json\/wp\/v2\/product_tag?post=40659"}],"curies":[{"name":"wp","href":"https:\/\/api.w.org\/{rel}","templated":true}]}}