{"id":40678,"date":"2025-08-23T15:07:06","date_gmt":"2025-08-23T15:07:06","guid":{"rendered":"https:\/\/canaca.com.tr\/urun\/tica\/"},"modified":"2026-01-29T22:11:20","modified_gmt":"2026-01-29T22:11:20","slug":"tica","status":"publish","type":"product","link":"https:\/\/canaca.com.tr\/pl\/produkt\/tica\/","title":{"rendered":"tiCA"},"content":{"rendered":"","protected":false},"excerpt":{"rendered":"<p>U\u017cywana do mocowania cz\u0119\u015bci do sto\u0142u za pomoc\u0105 otwor\u00f3w z gwintem M12 w rowku teowym. Idealna do monta\u017cu platform moduCA do sto\u0142u. Stosowana do mocowania w sto\u0142ach z rowkami teowymi bez konieczno\u015bci u\u017cycia podk\u0142adek lub bocznych podp\u00f3r.<\/p>\n","protected":false},"featured_media":38573,"template":"","meta":{"_acf_changed":false},"product_brand":[312],"product_cat":[528,504],"product_tag":[],"class_list":{"0":"post-40678","1":"product","2":"type-product","3":"status-publish","4":"has-post-thumbnail","6":"product_brand-canaca","7":"product_cat-mocowanie-modulowe","8":"product_cat-zaciski-dolne","10":"first","11":"instock","12":"sale","13":"taxable","14":"shipping-taxable","15":"purchasable","16":"product-type-simple"},"acf":{"teknik_foto1":"","teknik_foto_2":"","teknik_foto_3":"","urunlerin_logosu_url":"https:\/\/tecus.com.tr\/wp-content\/uploads\/2025\/09\/logo_tica.png"},"_links":{"self":[{"href":"https:\/\/canaca.com.tr\/pl\/wp-json\/wp\/v2\/product\/40678","targetHints":{"allow":["GET"]}}],"collection":[{"href":"https:\/\/canaca.com.tr\/pl\/wp-json\/wp\/v2\/product"}],"about":[{"href":"https:\/\/canaca.com.tr\/pl\/wp-json\/wp\/v2\/types\/product"}],"version-history":[{"count":1,"href":"https:\/\/canaca.com.tr\/pl\/wp-json\/wp\/v2\/product\/40678\/revisions"}],"predecessor-version":[{"id":40679,"href":"https:\/\/canaca.com.tr\/pl\/wp-json\/wp\/v2\/product\/40678\/revisions\/40679"}],"wp:featuredmedia":[{"embeddable":true,"href":"https:\/\/canaca.com.tr\/pl\/wp-json\/wp\/v2\/media\/38573"}],"wp:attachment":[{"href":"https:\/\/canaca.com.tr\/pl\/wp-json\/wp\/v2\/media?parent=40678"}],"wp:term":[{"taxonomy":"product_brand","embeddable":true,"href":"https:\/\/canaca.com.tr\/pl\/wp-json\/wp\/v2\/product_brand?post=40678"},{"taxonomy":"product_cat","embeddable":true,"href":"https:\/\/canaca.com.tr\/pl\/wp-json\/wp\/v2\/product_cat?post=40678"},{"taxonomy":"product_tag","embeddable":true,"href":"https:\/\/canaca.com.tr\/pl\/wp-json\/wp\/v2\/product_tag?post=40678"}],"curies":[{"name":"wp","href":"https:\/\/api.w.org\/{rel}","templated":true}]}}