{"id":37003,"date":"2019-04-04T07:32:43","date_gmt":"2019-04-04T07:32:43","guid":{"rendered":"https:\/\/canaca.com.tr\/a-nossa-politica-de-qualidade\/"},"modified":"2025-10-14T20:16:19","modified_gmt":"2025-10-14T20:16:19","slug":"a-nossa-politica-de-qualidade","status":"publish","type":"page","link":"https:\/\/canaca.com.tr\/pt-pt\/a-nossa-politica-de-qualidade\/","title":{"rendered":"A Nossa Pol\u00edtica de Qualidade"},"content":{"rendered":"\t\t<div data-elementor-type=\"wp-post\" data-elementor-id=\"37003\" class=\"elementor elementor-37003 elementor-12456\" data-elementor-post-type=\"page\">\n\t\t\t\t\t\t<section class=\"elementor-section elementor-top-section elementor-element elementor-element-cdcec4f elementor-section-boxed elementor-section-height-default elementor-section-height-default\" data-id=\"cdcec4f\" data-element_type=\"section\">\n\t\t\t\t\t\t<div class=\"elementor-container elementor-column-gap-default\">\n\t\t\t\t\t<div class=\"elementor-column elementor-col-100 elementor-top-column elementor-element elementor-element-825b61a\" data-id=\"825b61a\" data-element_type=\"column\">\n\t\t\t<div class=\"elementor-widget-wrap elementor-element-populated\">\n\t\t\t\t\t\t<div class=\"elementor-element elementor-element-52aa1bc elementor-widget elementor-widget-text-editor\" data-id=\"52aa1bc\" data-element_type=\"widget\" data-widget_type=\"text-editor.default\">\n\t\t\t\t<div class=\"elementor-widget-container\">\n\t\t\t\t\t\t\t\t\t<p><strong>A NOSSA POL\u00cdTICA DE QUALIDADE<\/strong><\/p><p><strong> <\/strong>Em conformidade com a nossa vis\u00e3o empresarial e com a norma ISO 9001:2015, a nossa pol\u00edtica de qualidade \u00e9:<\/p><ul><li>Utilizar tecnologias em evolu\u00e7\u00e3o e atuais e acompanhar de perto os desenvolvimentos do setor, aumentando continuamente a qualidade dos produtos e realizando uma produ\u00e7\u00e3o que exceda as expectativas dos clientes<\/li><li>Produzir as solu\u00e7\u00f5es mais adequadas, corretas e econ\u00f3micas da forma mais r\u00e1pida, evitando assim poss\u00edveis n\u00e3o conformidades futuras<\/li><li>Ser uma empresa fi\u00e1vel, com uma abordagem que satisfa\u00e7a as necessidades e expectativas dos clientes ao mais alto n\u00edvel<\/li><li>Para atingir os nossos objetivos de qualidade de acordo com a nossa pol\u00edtica, ser uma organiza\u00e7\u00e3o exemplar, respeitando a sociedade e o ambiente em que nos inserimos, garantindo a continuidade da nossa compreens\u00e3o da qualidade<\/li><li>De acordo com a nossa pol\u00edtica, proporcionar toda a forma\u00e7\u00e3o necess\u00e1ria aos nossos colaboradores para atingir os nossos objetivos, proporcionando um ambiente de trabalho adequado e apoiando-o com tecnologia, tornando-nos uma fam\u00edlia<\/li><li>Contribuir para a economia do pa\u00eds, aumentando ainda mais a nossa experi\u00eancia e conhecimento com a qualidade do servi\u00e7o que prestamos<\/li><li>Garantir a satisfa\u00e7\u00e3o do cliente, a satisfa\u00e7\u00e3o dos colaboradores e a qualidade do nosso servi\u00e7o <\/li><li>Garantir a m\u00e1xima comunica\u00e7\u00e3o e efici\u00eancia com uma abordagem de sistema nos processos e na gest\u00e3o.<\/li><li>Tornar a melhoria cont\u00ednua sustent\u00e1vel, com base na efici\u00eancia.<\/li><li>Cumprir as condi\u00e7\u00f5es aplic\u00e1veis e garantir um mecanismo de tomada de decis\u00e3o eficaz, envolvendo os colaboradores e os fornecedores<\/li><li>Incutir a lideran\u00e7a em todos os nossos colaboradores, com uma gest\u00e3o corporativa ligada a estrat\u00e9gias.<\/li><\/ul><p>Para tal, enquanto gest\u00e3o, comprometemo-nos a garantir a continuidade do sistema de gest\u00e3o da qualidade.<\/p>\t\t\t\t\t\t\t\t<\/div>\n\t\t\t\t<\/div>\n\t\t\t\t\t<\/div>\n\t\t<\/div>\n\t\t\t\t\t<\/div>\n\t\t<\/section>\n\t\t\t\t<\/div>\n\t\t","protected":false},"excerpt":{"rendered":"<p>A NOSSA POL\u00cdTICA DE QUALIDADE Em conformidade com a nossa vis\u00e3o empresarial e com a norma ISO 9001:2015, a nossa pol\u00edtica de qualidade \u00e9: Utilizar tecnologias em evolu\u00e7\u00e3o e atuais e acompanhar de perto os desenvolvimentos do setor, aumentando continuamente a qualidade dos produtos e realizando uma produ\u00e7\u00e3o que exceda as expectativas dos clientes Produzir &hellip;<\/p>\n<p class=\"read-more\"> <a class=\"\" href=\"https:\/\/canaca.com.tr\/pt-pt\/a-nossa-politica-de-qualidade\/\"> <span class=\"screen-reader-text\">A Nossa Pol\u00edtica de Qualidade<\/span> Read More &raquo;<\/a><\/p>\n","protected":false},"author":23,"featured_media":0,"parent":0,"menu_order":0,"comment_status":"closed","ping_status":"closed","template":"elementor_header_footer","meta":{"_acf_changed":false,"footnotes":""},"class_list":["post-37003","page","type-page","status-publish","hentry"],"acf":[],"_links":{"self":[{"href":"https:\/\/canaca.com.tr\/pt-pt\/wp-json\/wp\/v2\/pages\/37003","targetHints":{"allow":["GET"]}}],"collection":[{"href":"https:\/\/canaca.com.tr\/pt-pt\/wp-json\/wp\/v2\/pages"}],"about":[{"href":"https:\/\/canaca.com.tr\/pt-pt\/wp-json\/wp\/v2\/types\/page"}],"author":[{"embeddable":true,"href":"https:\/\/canaca.com.tr\/pt-pt\/wp-json\/wp\/v2\/users\/23"}],"replies":[{"embeddable":true,"href":"https:\/\/canaca.com.tr\/pt-pt\/wp-json\/wp\/v2\/comments?post=37003"}],"version-history":[{"count":1,"href":"https:\/\/canaca.com.tr\/pt-pt\/wp-json\/wp\/v2\/pages\/37003\/revisions"}],"predecessor-version":[{"id":37004,"href":"https:\/\/canaca.com.tr\/pt-pt\/wp-json\/wp\/v2\/pages\/37003\/revisions\/37004"}],"wp:attachment":[{"href":"https:\/\/canaca.com.tr\/pt-pt\/wp-json\/wp\/v2\/media?parent=37003"}],"curies":[{"name":"wp","href":"https:\/\/api.w.org\/{rel}","templated":true}]}}