{"id":40995,"date":"2025-08-23T15:07:08","date_gmt":"2025-08-23T15:07:08","guid":{"rendered":"https:\/\/canaca.com.tr\/urun\/pica-c\/"},"modified":"2026-01-30T13:03:10","modified_gmt":"2026-01-30T13:03:10","slug":"pica-c","status":"publish","type":"product","link":"https:\/\/canaca.com.tr\/pt-pt\/urun\/pica-c\/","title":{"rendered":"piCA-c"},"content":{"rendered":"","protected":false},"excerpt":{"rendered":"<p>Torno modular, mordente fixo de 100x50x28, mordente m\u00f3vel de 100x65x28 mm, ranhura de 50 mm. Permite fixa\u00e7\u00e3o com for\u00e7a superior a 2,5 mm, resultando em menos desperd\u00edcio de material. A sua estrutura modular permite fixar pe\u00e7as desde 1 cm at\u00e9 v\u00e1rios metros de comprimento. Pode fixar m\u00faltiplas pe\u00e7as com Pitbulls independentes. O mordente frontal remov\u00edvel permite fixar pe\u00e7as a partir de 30 mm de altura para opera\u00e7\u00f5es secund\u00e1rias. Oferece uma excelente alternativa aos tornos cl\u00e1ssicos. O conjunto inclui: 1 Pitbull M6 com for\u00e7a de aperto de 1,6 toneladas, 3 Pitbulls M6 de bordas afiadas, 2 Pitbulls M6 de bordas planas, 3 garras Talon, 2 blocos de apoio e equipamento de fixa\u00e7\u00e3o M12 T-slot.<\/p>\n","protected":false},"featured_media":38592,"template":"","meta":{"_acf_changed":false},"product_brand":[312],"product_cat":[612],"product_tag":[],"class_list":{"0":"post-40995","1":"product","2":"type-product","3":"status-publish","4":"has-post-thumbnail","6":"product_brand-canaca","7":"product_cat-fixacao-modular","9":"first","10":"instock","11":"sale","12":"taxable","13":"shipping-taxable","14":"purchasable","15":"product-type-simple"},"acf":{"teknik_foto1":"","teknik_foto_2":"","teknik_foto_3":"","urunlerin_logosu_url":"https:\/\/tecus.com.tr\/wp-content\/uploads\/2025\/09\/logo_pica_c.png"},"_links":{"self":[{"href":"https:\/\/canaca.com.tr\/pt-pt\/wp-json\/wp\/v2\/product\/40995","targetHints":{"allow":["GET"]}}],"collection":[{"href":"https:\/\/canaca.com.tr\/pt-pt\/wp-json\/wp\/v2\/product"}],"about":[{"href":"https:\/\/canaca.com.tr\/pt-pt\/wp-json\/wp\/v2\/types\/product"}],"version-history":[{"count":1,"href":"https:\/\/canaca.com.tr\/pt-pt\/wp-json\/wp\/v2\/product\/40995\/revisions"}],"predecessor-version":[{"id":40996,"href":"https:\/\/canaca.com.tr\/pt-pt\/wp-json\/wp\/v2\/product\/40995\/revisions\/40996"}],"wp:featuredmedia":[{"embeddable":true,"href":"https:\/\/canaca.com.tr\/pt-pt\/wp-json\/wp\/v2\/media\/38592"}],"wp:attachment":[{"href":"https:\/\/canaca.com.tr\/pt-pt\/wp-json\/wp\/v2\/media?parent=40995"}],"wp:term":[{"taxonomy":"product_brand","embeddable":true,"href":"https:\/\/canaca.com.tr\/pt-pt\/wp-json\/wp\/v2\/product_brand?post=40995"},{"taxonomy":"product_cat","embeddable":true,"href":"https:\/\/canaca.com.tr\/pt-pt\/wp-json\/wp\/v2\/product_cat?post=40995"},{"taxonomy":"product_tag","embeddable":true,"href":"https:\/\/canaca.com.tr\/pt-pt\/wp-json\/wp\/v2\/product_tag?post=40995"}],"curies":[{"name":"wp","href":"https:\/\/api.w.org\/{rel}","templated":true}]}}