{"id":40998,"date":"2025-08-23T15:07:08","date_gmt":"2025-08-23T15:07:08","guid":{"rendered":"https:\/\/canaca.com.tr\/urun\/pica-b\/"},"modified":"2026-01-30T13:03:12","modified_gmt":"2026-01-30T13:03:12","slug":"pica-b","status":"publish","type":"product","link":"https:\/\/canaca.com.tr\/pt-pt\/urun\/pica-b\/","title":{"rendered":"piCA-B"},"content":{"rendered":"","protected":false},"excerpt":{"rendered":"<p>Morsa modular, maxila fixa 200x50x35, maxila m\u00f3vel 200x115x35 mm, dimens\u00f5es de ranhura de 50 mm. Com capacidade de fixa\u00e7\u00e3o com for\u00e7a superior a 2,5 mm, permite menor desperd\u00edcio de material e, com a sua estrutura modular, possibilita a fixa\u00e7\u00e3o de pe\u00e7as desde 1 cm at\u00e9 metros de comprimento. Pode fixar m\u00faltiplas pe\u00e7as com Pitbulls independentes. Com maxila frontal destac\u00e1vel, permite a fixa\u00e7\u00e3o de pe\u00e7as a partir de 30 mm de altura para segundas opera\u00e7\u00f5es. Oferece uma alternativa perfeita \u00e0s morsas cl\u00e1ssicas. O conjunto inclui: 1 unidade M6 Pitbull com for\u00e7a de aperto de 1,6 toneladas, 3 unidades M6 Pitbull de arestas vivas, 2 unidades M6 Pitbull de arestas lisas, 3 unidades Talon grip, 2 unidades de bloco de apoio, equipamentos de liga\u00e7\u00e3o T slot M12.<\/p>\n","protected":false},"featured_media":38595,"template":"","meta":{"_acf_changed":false},"product_brand":[312],"product_cat":[612],"product_tag":[],"class_list":{"0":"post-40998","1":"product","2":"type-product","3":"status-publish","4":"has-post-thumbnail","6":"product_brand-canaca","7":"product_cat-fixacao-modular","9":"first","10":"instock","11":"sale","12":"taxable","13":"shipping-taxable","14":"purchasable","15":"product-type-simple"},"acf":{"teknik_foto1":"","teknik_foto_2":"","teknik_foto_3":"","urunlerin_logosu_url":"https:\/\/tecus.com.tr\/wp-content\/uploads\/2025\/09\/logo_pica_b.png"},"_links":{"self":[{"href":"https:\/\/canaca.com.tr\/pt-pt\/wp-json\/wp\/v2\/product\/40998","targetHints":{"allow":["GET"]}}],"collection":[{"href":"https:\/\/canaca.com.tr\/pt-pt\/wp-json\/wp\/v2\/product"}],"about":[{"href":"https:\/\/canaca.com.tr\/pt-pt\/wp-json\/wp\/v2\/types\/product"}],"version-history":[{"count":1,"href":"https:\/\/canaca.com.tr\/pt-pt\/wp-json\/wp\/v2\/product\/40998\/revisions"}],"predecessor-version":[{"id":40999,"href":"https:\/\/canaca.com.tr\/pt-pt\/wp-json\/wp\/v2\/product\/40998\/revisions\/40999"}],"wp:featuredmedia":[{"embeddable":true,"href":"https:\/\/canaca.com.tr\/pt-pt\/wp-json\/wp\/v2\/media\/38595"}],"wp:attachment":[{"href":"https:\/\/canaca.com.tr\/pt-pt\/wp-json\/wp\/v2\/media?parent=40998"}],"wp:term":[{"taxonomy":"product_brand","embeddable":true,"href":"https:\/\/canaca.com.tr\/pt-pt\/wp-json\/wp\/v2\/product_brand?post=40998"},{"taxonomy":"product_cat","embeddable":true,"href":"https:\/\/canaca.com.tr\/pt-pt\/wp-json\/wp\/v2\/product_cat?post=40998"},{"taxonomy":"product_tag","embeddable":true,"href":"https:\/\/canaca.com.tr\/pt-pt\/wp-json\/wp\/v2\/product_tag?post=40998"}],"curies":[{"name":"wp","href":"https:\/\/api.w.org\/{rel}","templated":true}]}}