{"id":41004,"date":"2025-08-23T15:07:07","date_gmt":"2025-08-23T15:07:07","guid":{"rendered":"https:\/\/canaca.com.tr\/urun\/vaca-5025\/"},"modified":"2026-01-30T13:03:17","modified_gmt":"2026-01-30T13:03:17","slug":"vaca5025m6","status":"publish","type":"product","link":"https:\/\/canaca.com.tr\/pt-pt\/urun\/vaca5025m6\/","title":{"rendered":"vaCA-5025"},"content":{"rendered":"","protected":false},"excerpt":{"rendered":"<p>Mesa de v\u00e1cuo com dimens\u00f5es de 500x250x40 mm. Pode funcionar com ar positivo de 6 bar sem necessidade de mesa de v\u00e1cuo. Juntamente com o sistema de v\u00e1cuo, pode tamb\u00e9m ser utilizada para aperto mec\u00e2nico de todos os tipos de pe\u00e7as com equipamentos modulares, atrav\u00e9s das roscas M6 e orif\u00edcios 6h7 existentes.<\/p>\n","protected":false},"featured_media":38578,"template":"","meta":{"_acf_changed":false},"product_brand":[312],"product_cat":[618,616],"product_tag":[],"class_list":{"0":"post-41004","1":"product","2":"type-product","3":"status-publish","4":"has-post-thumbnail","6":"product_brand-canaca","7":"product_cat-mesa-de-vacuo","8":"product_cat-placas-de-fixacao-modulares","10":"first","11":"instock","12":"sale","13":"taxable","14":"shipping-taxable","15":"purchasable","16":"product-type-simple"},"acf":{"teknik_foto1":"","teknik_foto_2":"","teknik_foto_3":"","urunlerin_logosu_url":"https:\/\/tecus.com.tr\/wp-content\/uploads\/2025\/09\/logo_vaca_5025.png"},"_links":{"self":[{"href":"https:\/\/canaca.com.tr\/pt-pt\/wp-json\/wp\/v2\/product\/41004","targetHints":{"allow":["GET"]}}],"collection":[{"href":"https:\/\/canaca.com.tr\/pt-pt\/wp-json\/wp\/v2\/product"}],"about":[{"href":"https:\/\/canaca.com.tr\/pt-pt\/wp-json\/wp\/v2\/types\/product"}],"version-history":[{"count":1,"href":"https:\/\/canaca.com.tr\/pt-pt\/wp-json\/wp\/v2\/product\/41004\/revisions"}],"predecessor-version":[{"id":41005,"href":"https:\/\/canaca.com.tr\/pt-pt\/wp-json\/wp\/v2\/product\/41004\/revisions\/41005"}],"wp:featuredmedia":[{"embeddable":true,"href":"https:\/\/canaca.com.tr\/pt-pt\/wp-json\/wp\/v2\/media\/38578"}],"wp:attachment":[{"href":"https:\/\/canaca.com.tr\/pt-pt\/wp-json\/wp\/v2\/media?parent=41004"}],"wp:term":[{"taxonomy":"product_brand","embeddable":true,"href":"https:\/\/canaca.com.tr\/pt-pt\/wp-json\/wp\/v2\/product_brand?post=41004"},{"taxonomy":"product_cat","embeddable":true,"href":"https:\/\/canaca.com.tr\/pt-pt\/wp-json\/wp\/v2\/product_cat?post=41004"},{"taxonomy":"product_tag","embeddable":true,"href":"https:\/\/canaca.com.tr\/pt-pt\/wp-json\/wp\/v2\/product_tag?post=41004"}],"curies":[{"name":"wp","href":"https:\/\/api.w.org\/{rel}","templated":true}]}}