{"id":41027,"date":"2025-08-23T15:07:06","date_gmt":"2025-08-23T15:07:06","guid":{"rendered":"https:\/\/canaca.com.tr\/urun\/tica\/"},"modified":"2026-01-30T13:03:33","modified_gmt":"2026-01-30T13:03:33","slug":"tica","status":"publish","type":"product","link":"https:\/\/canaca.com.tr\/pt-pt\/urun\/tica\/","title":{"rendered":"tiCA"},"content":{"rendered":"","protected":false},"excerpt":{"rendered":"<p>Utilizada para fixar a pe\u00e7a \u00e0 mesa atrav\u00e9s de furos roscados M12 no slot em T. \u00c9 perfeita para montar plataformas moduCA na mesa. \u00c9 utilizada para fixa\u00e7\u00e3o em mesas com slots em T sem necessidade de sapatas ou suportes laterais.<\/p>\n","protected":false},"featured_media":38573,"template":"","meta":{"_acf_changed":false},"product_brand":[312],"product_cat":[614],"product_tag":[],"class_list":{"0":"post-41027","1":"product","2":"type-product","3":"status-publish","4":"has-post-thumbnail","6":"product_brand-canaca","7":"product_cat-grampos-de-aperto-inferior","9":"first","10":"instock","11":"sale","12":"taxable","13":"shipping-taxable","14":"purchasable","15":"product-type-simple"},"acf":{"teknik_foto1":"","teknik_foto_2":"","teknik_foto_3":"","urunlerin_logosu_url":"https:\/\/tecus.com.tr\/wp-content\/uploads\/2025\/09\/logo_tica.png"},"_links":{"self":[{"href":"https:\/\/canaca.com.tr\/pt-pt\/wp-json\/wp\/v2\/product\/41027","targetHints":{"allow":["GET"]}}],"collection":[{"href":"https:\/\/canaca.com.tr\/pt-pt\/wp-json\/wp\/v2\/product"}],"about":[{"href":"https:\/\/canaca.com.tr\/pt-pt\/wp-json\/wp\/v2\/types\/product"}],"version-history":[{"count":1,"href":"https:\/\/canaca.com.tr\/pt-pt\/wp-json\/wp\/v2\/product\/41027\/revisions"}],"predecessor-version":[{"id":41028,"href":"https:\/\/canaca.com.tr\/pt-pt\/wp-json\/wp\/v2\/product\/41027\/revisions\/41028"}],"wp:featuredmedia":[{"embeddable":true,"href":"https:\/\/canaca.com.tr\/pt-pt\/wp-json\/wp\/v2\/media\/38573"}],"wp:attachment":[{"href":"https:\/\/canaca.com.tr\/pt-pt\/wp-json\/wp\/v2\/media?parent=41027"}],"wp:term":[{"taxonomy":"product_brand","embeddable":true,"href":"https:\/\/canaca.com.tr\/pt-pt\/wp-json\/wp\/v2\/product_brand?post=41027"},{"taxonomy":"product_cat","embeddable":true,"href":"https:\/\/canaca.com.tr\/pt-pt\/wp-json\/wp\/v2\/product_cat?post=41027"},{"taxonomy":"product_tag","embeddable":true,"href":"https:\/\/canaca.com.tr\/pt-pt\/wp-json\/wp\/v2\/product_tag?post=41027"}],"curies":[{"name":"wp","href":"https:\/\/api.w.org\/{rel}","templated":true}]}}