{"id":41041,"date":"2025-08-23T15:07:02","date_gmt":"2025-08-23T15:07:02","guid":{"rendered":"https:\/\/canaca.com.tr\/urun\/moduca-2520m6\/"},"modified":"2026-01-30T13:33:09","modified_gmt":"2026-01-30T13:33:09","slug":"moduca2520m6","status":"publish","type":"product","link":"https:\/\/canaca.com.tr\/pt-pt\/urun\/moduca2520m6\/","title":{"rendered":"moduCA-2520M6"},"content":{"rendered":"","protected":false},"excerpt":{"rendered":"<p>Plataforma modular de fixa\u00e7\u00e3o de pe\u00e7as com dimens\u00f5es de 500x250x40mm. Solu\u00e7\u00e3o perfeita para pe\u00e7as com geometria plana ou complexa. Com roscas M6 a cada 12,5mm e furos de pino 6h7 a cada 25mm, permite fixa\u00e7\u00e3o r\u00e1pida n\u00e3o espec\u00edfica ao trabalho atrav\u00e9s de equipamentos de liga\u00e7\u00e3o adequados que podem ser utilizados na superf\u00edcie.<\/p>\n","protected":false},"featured_media":38549,"template":"","meta":{"_acf_changed":false},"product_brand":[312],"product_cat":[616],"product_tag":[],"class_list":{"0":"post-41041","1":"product","2":"type-product","3":"status-publish","4":"has-post-thumbnail","6":"product_brand-canaca","7":"product_cat-placas-de-fixacao-modulares","9":"first","10":"instock","11":"sale","12":"taxable","13":"shipping-taxable","14":"purchasable","15":"product-type-simple"},"acf":{"teknik_foto1":"","teknik_foto_2":"","teknik_foto_3":"","urunlerin_logosu_url":"https:\/\/tecus.com.tr\/wp-content\/uploads\/2025\/09\/logo_moduca_2520m6.png"},"_links":{"self":[{"href":"https:\/\/canaca.com.tr\/pt-pt\/wp-json\/wp\/v2\/product\/41041","targetHints":{"allow":["GET"]}}],"collection":[{"href":"https:\/\/canaca.com.tr\/pt-pt\/wp-json\/wp\/v2\/product"}],"about":[{"href":"https:\/\/canaca.com.tr\/pt-pt\/wp-json\/wp\/v2\/types\/product"}],"version-history":[{"count":1,"href":"https:\/\/canaca.com.tr\/pt-pt\/wp-json\/wp\/v2\/product\/41041\/revisions"}],"predecessor-version":[{"id":41042,"href":"https:\/\/canaca.com.tr\/pt-pt\/wp-json\/wp\/v2\/product\/41041\/revisions\/41042"}],"wp:featuredmedia":[{"embeddable":true,"href":"https:\/\/canaca.com.tr\/pt-pt\/wp-json\/wp\/v2\/media\/38549"}],"wp:attachment":[{"href":"https:\/\/canaca.com.tr\/pt-pt\/wp-json\/wp\/v2\/media?parent=41041"}],"wp:term":[{"taxonomy":"product_brand","embeddable":true,"href":"https:\/\/canaca.com.tr\/pt-pt\/wp-json\/wp\/v2\/product_brand?post=41041"},{"taxonomy":"product_cat","embeddable":true,"href":"https:\/\/canaca.com.tr\/pt-pt\/wp-json\/wp\/v2\/product_cat?post=41041"},{"taxonomy":"product_tag","embeddable":true,"href":"https:\/\/canaca.com.tr\/pt-pt\/wp-json\/wp\/v2\/product_tag?post=41041"}],"curies":[{"name":"wp","href":"https:\/\/api.w.org\/{rel}","templated":true}]}}