{"id":41071,"date":"2025-08-23T15:06:59","date_gmt":"2025-08-23T15:06:59","guid":{"rendered":"https:\/\/canaca.com.tr\/urun\/jawca\/"},"modified":"2026-01-30T13:33:34","modified_gmt":"2026-01-30T13:33:34","slug":"jawca","status":"publish","type":"product","link":"https:\/\/canaca.com.tr\/pt-pt\/urun\/jawca\/","title":{"rendered":"jawCA"},"content":{"rendered":"","protected":false},"excerpt":{"rendered":"<p>Esta garra, que pode ser montada em tornos convencionais, tem 200 mm de comprimento.<br \/>\nQuando utilizada em conjunto com o Talon Grip e o Versa Grip, permite fixar com seguran\u00e7a materiais planos e redondos a partir de 1,5 mm. Gra\u00e7as \u00e0 sua caracter\u00edstica de fixa\u00e7\u00e3o por mordedura, pode apertar firmemente v\u00e1rios materiais.<br \/>\nOs orif\u00edcios para pinos podem ser utilizados para fixar pe\u00e7as com bases, batentes ou \u00e2ngulos de 5 graus.<\/p>\n","protected":false},"featured_media":38514,"template":"","meta":{"_acf_changed":false},"product_brand":[312],"product_cat":[612,611],"product_tag":[],"class_list":{"0":"post-41071","1":"product","2":"type-product","3":"status-publish","4":"has-post-thumbnail","6":"product_brand-canaca","7":"product_cat-fixacao-modular","8":"product_cat-tornos-de-3-4-5-eixos","10":"first","11":"instock","12":"sale","13":"taxable","14":"shipping-taxable","15":"purchasable","16":"product-type-simple"},"acf":{"teknik_foto1":"","teknik_foto_2":"","teknik_foto_3":"","urunlerin_logosu_url":"https:\/\/tecus.com.tr\/wp-content\/uploads\/2025\/09\/logo_jawca.png"},"_links":{"self":[{"href":"https:\/\/canaca.com.tr\/pt-pt\/wp-json\/wp\/v2\/product\/41071","targetHints":{"allow":["GET"]}}],"collection":[{"href":"https:\/\/canaca.com.tr\/pt-pt\/wp-json\/wp\/v2\/product"}],"about":[{"href":"https:\/\/canaca.com.tr\/pt-pt\/wp-json\/wp\/v2\/types\/product"}],"version-history":[{"count":1,"href":"https:\/\/canaca.com.tr\/pt-pt\/wp-json\/wp\/v2\/product\/41071\/revisions"}],"predecessor-version":[{"id":41072,"href":"https:\/\/canaca.com.tr\/pt-pt\/wp-json\/wp\/v2\/product\/41071\/revisions\/41072"}],"wp:featuredmedia":[{"embeddable":true,"href":"https:\/\/canaca.com.tr\/pt-pt\/wp-json\/wp\/v2\/media\/38514"}],"wp:attachment":[{"href":"https:\/\/canaca.com.tr\/pt-pt\/wp-json\/wp\/v2\/media?parent=41071"}],"wp:term":[{"taxonomy":"product_brand","embeddable":true,"href":"https:\/\/canaca.com.tr\/pt-pt\/wp-json\/wp\/v2\/product_brand?post=41071"},{"taxonomy":"product_cat","embeddable":true,"href":"https:\/\/canaca.com.tr\/pt-pt\/wp-json\/wp\/v2\/product_cat?post=41071"},{"taxonomy":"product_tag","embeddable":true,"href":"https:\/\/canaca.com.tr\/pt-pt\/wp-json\/wp\/v2\/product_tag?post=41071"}],"curies":[{"name":"wp","href":"https:\/\/api.w.org\/{rel}","templated":true}]}}