{"id":41074,"date":"2025-08-23T15:06:59","date_gmt":"2025-08-23T15:06:59","guid":{"rendered":"https:\/\/canaca.com.tr\/urun\/zeroca\/"},"modified":"2026-01-30T13:33:37","modified_gmt":"2026-01-30T13:33:37","slug":"zeroca","status":"publish","type":"product","link":"https:\/\/canaca.com.tr\/pt-pt\/urun\/zeroca\/","title":{"rendered":"zeroCA"},"content":{"rendered":"","protected":false},"excerpt":{"rendered":"<p>O <strong>sistema de troca r\u00e1pida de mesa com placa adaptadora de 96-52 mm<\/strong> oferece uma solu\u00e7\u00e3o \u00fanica para espa\u00e7amentos de eixos padr\u00e3o da ind\u00fastria de 96 mm e 52 mm. \u00c9 dur\u00e1vel com a sua constru\u00e7\u00e3o em a\u00e7o especial endurecido. Gra\u00e7as aos equipamentos inferiores e superiores compat\u00edveis, \u00e9 um excelente sistema que permite uma transi\u00e7\u00e3o r\u00e1pida e um aumento da efici\u00eancia na sua linha de produ\u00e7\u00e3o.<\/p>\n","protected":false},"featured_media":38517,"template":"","meta":{"_acf_changed":false},"product_brand":[312],"product_cat":[614,613],"product_tag":[],"class_list":{"0":"post-41074","1":"product","2":"type-product","3":"status-publish","4":"has-post-thumbnail","6":"product_brand-canaca","7":"product_cat-grampos-de-aperto-inferior","8":"product_cat-troca-rapida-de-pecas","10":"first","11":"instock","12":"sale","13":"taxable","14":"shipping-taxable","15":"purchasable","16":"product-type-simple"},"acf":{"teknik_foto1":"","teknik_foto_2":"","teknik_foto_3":"","urunlerin_logosu_url":"https:\/\/tecus.com.tr\/wp-content\/uploads\/2025\/09\/logo_zeroca.png"},"_links":{"self":[{"href":"https:\/\/canaca.com.tr\/pt-pt\/wp-json\/wp\/v2\/product\/41074","targetHints":{"allow":["GET"]}}],"collection":[{"href":"https:\/\/canaca.com.tr\/pt-pt\/wp-json\/wp\/v2\/product"}],"about":[{"href":"https:\/\/canaca.com.tr\/pt-pt\/wp-json\/wp\/v2\/types\/product"}],"version-history":[{"count":1,"href":"https:\/\/canaca.com.tr\/pt-pt\/wp-json\/wp\/v2\/product\/41074\/revisions"}],"predecessor-version":[{"id":41075,"href":"https:\/\/canaca.com.tr\/pt-pt\/wp-json\/wp\/v2\/product\/41074\/revisions\/41075"}],"wp:featuredmedia":[{"embeddable":true,"href":"https:\/\/canaca.com.tr\/pt-pt\/wp-json\/wp\/v2\/media\/38517"}],"wp:attachment":[{"href":"https:\/\/canaca.com.tr\/pt-pt\/wp-json\/wp\/v2\/media?parent=41074"}],"wp:term":[{"taxonomy":"product_brand","embeddable":true,"href":"https:\/\/canaca.com.tr\/pt-pt\/wp-json\/wp\/v2\/product_brand?post=41074"},{"taxonomy":"product_cat","embeddable":true,"href":"https:\/\/canaca.com.tr\/pt-pt\/wp-json\/wp\/v2\/product_cat?post=41074"},{"taxonomy":"product_tag","embeddable":true,"href":"https:\/\/canaca.com.tr\/pt-pt\/wp-json\/wp\/v2\/product_tag?post=41074"}],"curies":[{"name":"wp","href":"https:\/\/api.w.org\/{rel}","templated":true}]}}